{"id":61,"date":"2016-03-29T13:15:28","date_gmt":"2016-03-29T12:15:28","guid":{"rendered":"http:\/\/www.reflexoki.com\/?page_id=61"},"modified":"2023-04-06T07:52:11","modified_gmt":"2023-04-06T06:52:11","slug":"seance","status":"publish","type":"page","link":"https:\/\/www.reflexoki.com\/index.php\/access-bars\/seance\/","title":{"rendered":"S\u00e9ance"},"content":{"rendered":"<p><img loading=\"lazy\" decoding=\"async\" class=\"size-medium wp-image-158 alignleft\" src=\"https:\/\/www.reflexoki.com\/wp-content\/uploads\/2016\/04\/image-10-min-300x199.jpg\" alt=\"image 10\" width=\"300\" height=\"199\" \/><\/p>\n<p style=\"text-align: center;\"><strong class=\"lucida txt-24\"><em>D\u00e9roulement d\u2019une s\u00e9ance<\/em><\/strong><\/p>\n<p style=\"text-align: center;\"><strong class=\"lucida txt-20\"><em>Pr\u00e9voir environ 1 heure 30 (accueil compris)<\/em><\/strong><\/p>\n<p class=\"txt-noir txt-16 bookman justifier\" style=\"text-align: justify;\"><strong><em>Vous \u00eates confortablement install\u00e9 en position\u00a0 allong\u00e9e sur une table de massage habill\u00e9 en \u00f4tant simplement vos chaussures,\u00a0montre, lunettes et tous bijoux<\/em><\/strong><\/p>\n<p class=\"txt-noir txt-16 bookman justifier\" style=\"text-align: justify;\"><strong><em>Pendant 1 heure environ, j&rsquo;appose mes doigts des deux mains sur 32 points pr\u00e9cis, situ\u00e9s sym\u00e9triquement sur votre cr\u00e2ne<\/em><\/strong><\/p>\n<p class=\"txt-noir txt-16 bookman justifier\" style=\"text-align: justify;\"><strong><em>Chaque apposition des mains sur la t\u00eate dure environ 5 minutes<\/em><\/strong><\/p>\n<p class=\"txt-noir txt-16 bookman justifier\" style=\"text-align: justify;\"><strong><em>Dissipation de la charge \u00e9lectromagn\u00e9tique qui maintient en place nos pens\u00e9es, nos consid\u00e9rations, nos attitudes\u2026<\/em><\/strong><\/p>\n<p class=\"txt-noir txt-16 bookman justifier\" style=\"text-align: justify;\"><strong><em>Pendant la s\u00e9ance, vos ondes c\u00e9r\u00e9brales ralentissent, vous ressentez une intense relaxation, votre \u00e9nergie devient fluide<\/em><\/strong><\/p>\n<p class=\"txt-noir txt-16 bookman justifier\" style=\"text-align: justify;\"><strong><em>Apr\u00e8s une s\u00e9ance, vous sentez\u00a0une d\u00e9tente profonde, du calme, comme si vous sortiez d&rsquo;un sommeil profond et r\u00e9parateur<\/em><\/strong><\/p>\n","protected":false},"excerpt":{"rendered":"<p>D\u00e9roulement d\u2019une s\u00e9ance Pr\u00e9voir environ 1 heure 30 (accueil compris) Vous \u00eates confortablement install\u00e9 en position\u00a0 allong\u00e9e sur une table de massage habill\u00e9 en \u00f4tant simplement vos chaussures,\u00a0montre, lunettes et tous bijoux Pendant 1 heure environ, j&rsquo;appose mes doigts des deux mains sur 32 points pr\u00e9cis, situ\u00e9s sym\u00e9triquement sur votre cr\u00e2ne Chaque apposition des mains [&hellip;]<\/p>\n","protected":false},"author":1,"featured_media":0,"parent":27,"menu_order":0,"comment_status":"closed","ping_status":"closed","template":"","meta":{"footnotes":""},"class_list":["post-61","page","type-page","status-publish","hentry"],"aioseo_notices":[],"_links":{"self":[{"href":"https:\/\/www.reflexoki.com\/index.php\/wp-json\/wp\/v2\/pages\/61","targetHints":{"allow":["GET"]}}],"collection":[{"href":"https:\/\/www.reflexoki.com\/index.php\/wp-json\/wp\/v2\/pages"}],"about":[{"href":"https:\/\/www.reflexoki.com\/index.php\/wp-json\/wp\/v2\/types\/page"}],"author":[{"embeddable":true,"href":"https:\/\/www.reflexoki.com\/index.php\/wp-json\/wp\/v2\/users\/1"}],"replies":[{"embeddable":true,"href":"https:\/\/www.reflexoki.com\/index.php\/wp-json\/wp\/v2\/comments?post=61"}],"version-history":[{"count":16,"href":"https:\/\/www.reflexoki.com\/index.php\/wp-json\/wp\/v2\/pages\/61\/revisions"}],"predecessor-version":[{"id":1690,"href":"https:\/\/www.reflexoki.com\/index.php\/wp-json\/wp\/v2\/pages\/61\/revisions\/1690"}],"up":[{"embeddable":true,"href":"https:\/\/www.reflexoki.com\/index.php\/wp-json\/wp\/v2\/pages\/27"}],"wp:attachment":[{"href":"https:\/\/www.reflexoki.com\/index.php\/wp-json\/wp\/v2\/media?parent=61"}],"curies":[{"name":"wp","href":"https:\/\/api.w.org\/{rel}","templated":true}]}}