{"id":59,"date":"2016-03-29T13:15:12","date_gmt":"2016-03-29T12:15:12","guid":{"rendered":"http:\/\/www.reflexoki.com\/?page_id=59"},"modified":"2023-04-05T18:47:03","modified_gmt":"2023-04-05T17:47:03","slug":"historique","status":"publish","type":"page","link":"https:\/\/www.reflexoki.com\/index.php\/access-bars\/historique\/","title":{"rendered":"Historique"},"content":{"rendered":"<p><strong class=\"lucida txt-20\"><em>Un peu \u00a0d\u2019histoire\u2026<\/em><\/strong><\/p>\n<p><img loading=\"lazy\" decoding=\"async\" class=\"alignnone size-medium wp-image-155\" src=\"https:\/\/www.reflexoki.com\/wp-content\/uploads\/2016\/04\/image-11-min-300x255.jpg\" alt=\"image 11\" width=\"300\" height=\"255\" \/><\/p>\n<div id=\"histo-access\">\n<p class=\"bookman txt-16 txt-noir justifier\" style=\"text-align: center;\"><strong><em>Access Consciousness Bars a \u00e9t\u00e9 cr\u00e9\u00e9 par Gary Douglas aux Etats-Unis, \u00e0 Santa Barbara en Californie dans les ann\u00e9es 90<br \/>\nGary Douglas est le p\u00e8re de quatre enfants<br \/>\net grand p\u00e8re d\u2019un petit enfant<\/em><\/strong><\/p>\n<p style=\"text-align: left;\">Il pratique des consultations priv\u00e9es d\u2019Access \u00e0 son bureau et aussi par t\u00e9l\u00e9phone avec des clients, \u00e0 travers l\u2019Am\u00e9rique du Nord, l\u2019Am\u00e9rique du Sud, l\u2019Europe, l\u2019Australie, la Nouvelle Z\u00e9lande et le Moyen Orient<\/p>\n<p style=\"text-align: left;\"><strong><em>Avec une vingtaine de facilitateurs Access , il anime des ateliers Access dans le monde entier<\/em><\/strong><\/p>\n<p class=\"bookman txt-16 txt-noir justifier\" style=\"text-align: center;\">C\u2019est un soin \u00e9nerg\u00e9tique au cours duquel 32 points sp\u00e9cifiques sur la t\u00eate sont touch\u00e9s en douceur<\/p>\n<p class=\"bookman txt-16 txt-noir justifier\" style=\"text-align: center;\">En touchant ces points sur la t\u00eate, cela permet au corps et \u00e0 l&rsquo;esprit<br \/>\nde lib\u00e9rer ce qu&rsquo;on est pr\u00eat \u00e0 l\u00e2cher,<br \/>\nde dissoudre les blocages que l\u2019on est pr\u00eat \u00e0 lib\u00e9rer,<br \/>\net l&rsquo;on observe des changements qui s\u2019op\u00e8rent \u00e0 divers niveaux de notre vie<\/p>\n<\/div>\n","protected":false},"excerpt":{"rendered":"<p>Un peu \u00a0d\u2019histoire\u2026 Access Consciousness Bars a \u00e9t\u00e9 cr\u00e9\u00e9 par Gary Douglas aux Etats-Unis, \u00e0 Santa Barbara en Californie dans les ann\u00e9es 90 Gary Douglas est le p\u00e8re de quatre enfants et grand p\u00e8re d\u2019un petit enfant Il pratique des consultations priv\u00e9es d\u2019Access \u00e0 son bureau et aussi par t\u00e9l\u00e9phone avec des clients, \u00e0 travers [&hellip;]<\/p>\n","protected":false},"author":1,"featured_media":0,"parent":27,"menu_order":0,"comment_status":"closed","ping_status":"closed","template":"","meta":{"footnotes":""},"class_list":["post-59","page","type-page","status-publish","hentry"],"aioseo_notices":[],"_links":{"self":[{"href":"https:\/\/www.reflexoki.com\/index.php\/wp-json\/wp\/v2\/pages\/59","targetHints":{"allow":["GET"]}}],"collection":[{"href":"https:\/\/www.reflexoki.com\/index.php\/wp-json\/wp\/v2\/pages"}],"about":[{"href":"https:\/\/www.reflexoki.com\/index.php\/wp-json\/wp\/v2\/types\/page"}],"author":[{"embeddable":true,"href":"https:\/\/www.reflexoki.com\/index.php\/wp-json\/wp\/v2\/users\/1"}],"replies":[{"embeddable":true,"href":"https:\/\/www.reflexoki.com\/index.php\/wp-json\/wp\/v2\/comments?post=59"}],"version-history":[{"count":10,"href":"https:\/\/www.reflexoki.com\/index.php\/wp-json\/wp\/v2\/pages\/59\/revisions"}],"predecessor-version":[{"id":1688,"href":"https:\/\/www.reflexoki.com\/index.php\/wp-json\/wp\/v2\/pages\/59\/revisions\/1688"}],"up":[{"embeddable":true,"href":"https:\/\/www.reflexoki.com\/index.php\/wp-json\/wp\/v2\/pages\/27"}],"wp:attachment":[{"href":"https:\/\/www.reflexoki.com\/index.php\/wp-json\/wp\/v2\/media?parent=59"}],"curies":[{"name":"wp","href":"https:\/\/api.w.org\/{rel}","templated":true}]}}