{"id":546,"date":"2017-10-03T17:29:15","date_gmt":"2017-10-03T16:29:15","guid":{"rendered":"http:\/\/www.reflexoki.com\/?page_id=546"},"modified":"2017-10-03T17:50:29","modified_gmt":"2017-10-03T16:50:29","slug":"seance","status":"publish","type":"page","link":"https:\/\/www.reflexoki.com\/index.php\/sonotherapie\/seance\/","title":{"rendered":"S\u00e9ance"},"content":{"rendered":"<p><img loading=\"lazy\" decoding=\"async\" class=\"size-medium wp-image-544 aligncenter\" src=\"https:\/\/www.reflexoki.com\/wp-content\/uploads\/2017\/10\/IMG_2196-min-300x225.jpg\" alt=\"\" width=\"300\" height=\"225\" srcset=\"https:\/\/www.reflexoki.com\/wp-content\/uploads\/2017\/10\/IMG_2196-min-300x225.jpg 300w, https:\/\/www.reflexoki.com\/wp-content\/uploads\/2017\/10\/IMG_2196-min-768x576.jpg 768w, https:\/\/www.reflexoki.com\/wp-content\/uploads\/2017\/10\/IMG_2196-min-1024x768.jpg 1024w\" sizes=\"auto, (max-width: 300px) 100vw, 300px\" \/><br \/>\n&nbsp;<\/p>\n<p class=\"lucida txt-30\" style=\"text-align: center;\"><strong><em>D\u00e9roulement d\u2019une s\u00e9ance<\/em><\/strong><\/p>\n<p class=\"lucida txt-24\" style=\"text-align: center;\"><strong><em>Pr\u00e9voir 1h30 accueil compris<\/em><\/strong><\/p>\n<p>&nbsp;<\/p>\n<p class=\"txt-noir txt-18 jusitifer bookman\" style=\"text-align:center;\"><em>Vous \u00eates confortablement install\u00e9(e) sur une table de message habill\u00e9 en \u00f4tant simplement vos bijoux et ceinture<\/em><\/p>\n<p>&nbsp;<\/p>\n<p class=\"txt-noir txt-18 jusitifer bookman\" style=\"text-align:center;\"><em>Je vous invite \u00e0 vous d\u00e9tendre au travers des sons<\/em><\/p>\n<p class=\"txt-noir txt-18 jusitifer bookman\" style=\"text-align:center;\"><em>\u00e0 l&rsquo;aide de la voix, de diapasons, de bols tib\u00e9tains<\/em><\/p>\n<p class=\"txt-noir txt-18 jusitifer bookman\" style=\"text-align:center;\"><em>vous permettant de l\u00e2cher prise<\/em><\/p>\n<p class=\"txt-noir txt-18 jusitifer bookman\" style=\"text-align:center;\"><em>et de favoriser votre pouvoir d&rsquo;auto-gu\u00e9rison<\/em><\/p>\n<p>&nbsp;<\/p>\n<p class=\"txt-noir txt-18 jusitifer bookman\" style=\"text-align:center;\"><em>la Sonoth\u00e9rapie permet d&rsquo;all\u00e9ger les sympt\u00f4mes de certaines douleurs<\/em><\/p>\n<p class=\"txt-noir txt-18 jusitifer bookman\" style=\"text-align:center;\"><em>aussi bien digestives, articulaires, musculaires, migraines, acouph\u00e8nes,<\/em><\/p>\n<p class=\"txt-noir txt-18 jusitifer bookman\" style=\"text-align:center;\"><em>insomnies, stress, &#8230;<\/em><\/p>\n<p>&nbsp;<\/p>\n<p class=\"txt-noir txt-18 jusitifer bookman\" style=\"text-align:center;\"><em>Au rythme des sons et vibrations,<\/em><\/p>\n<p class=\"txt-noir txt-18 jusitifer bookman\" style=\"text-align:center;\"><em>La s\u00e9ance s&rsquo;accompagne d&rsquo;huiles essentielles et parfois de cristaux<\/em><\/p>\n<p>&nbsp;<\/p>\n<p class=\"txt-noir txt-18 jusitifer bookman\" style=\"text-align:center;\"><em>La Sonoth\u00e9rapie peut se pratique conjointement avec la R\u00e9flexologie et le Reiki<\/em><\/p>\n<p>&nbsp;<br \/>\n<img loading=\"lazy\" decoding=\"async\" class=\"aligncenter wp-image-560 size-medium\" src=\"https:\/\/www.reflexoki.com\/wp-content\/uploads\/2017\/10\/IMG_2195-min-300x225.jpg\" alt=\"\" width=\"300\" height=\"225\" srcset=\"https:\/\/www.reflexoki.com\/wp-content\/uploads\/2017\/10\/IMG_2195-min-300x225.jpg 300w, https:\/\/www.reflexoki.com\/wp-content\/uploads\/2017\/10\/IMG_2195-min-768x576.jpg 768w, https:\/\/www.reflexoki.com\/wp-content\/uploads\/2017\/10\/IMG_2195-min-1024x768.jpg 1024w\" sizes=\"auto, (max-width: 300px) 100vw, 300px\" \/><\/p>\n","protected":false},"excerpt":{"rendered":"<p>&nbsp; D\u00e9roulement d\u2019une s\u00e9ance Pr\u00e9voir 1h30 accueil compris &nbsp; Vous \u00eates confortablement install\u00e9(e) sur une table de message habill\u00e9 en \u00f4tant simplement vos bijoux et ceinture &nbsp; Je vous invite \u00e0 vous d\u00e9tendre au travers des sons \u00e0 l&rsquo;aide de la voix, de diapasons, de bols tib\u00e9tains vous permettant de l\u00e2cher prise et de favoriser [&hellip;]<\/p>\n","protected":false},"author":1,"featured_media":0,"parent":29,"menu_order":0,"comment_status":"closed","ping_status":"closed","template":"","meta":{"footnotes":""},"class_list":["post-546","page","type-page","status-publish","hentry"],"aioseo_notices":[],"_links":{"self":[{"href":"https:\/\/www.reflexoki.com\/index.php\/wp-json\/wp\/v2\/pages\/546","targetHints":{"allow":["GET"]}}],"collection":[{"href":"https:\/\/www.reflexoki.com\/index.php\/wp-json\/wp\/v2\/pages"}],"about":[{"href":"https:\/\/www.reflexoki.com\/index.php\/wp-json\/wp\/v2\/types\/page"}],"author":[{"embeddable":true,"href":"https:\/\/www.reflexoki.com\/index.php\/wp-json\/wp\/v2\/users\/1"}],"replies":[{"embeddable":true,"href":"https:\/\/www.reflexoki.com\/index.php\/wp-json\/wp\/v2\/comments?post=546"}],"version-history":[{"count":19,"href":"https:\/\/www.reflexoki.com\/index.php\/wp-json\/wp\/v2\/pages\/546\/revisions"}],"predecessor-version":[{"id":582,"href":"https:\/\/www.reflexoki.com\/index.php\/wp-json\/wp\/v2\/pages\/546\/revisions\/582"}],"up":[{"embeddable":true,"href":"https:\/\/www.reflexoki.com\/index.php\/wp-json\/wp\/v2\/pages\/29"}],"wp:attachment":[{"href":"https:\/\/www.reflexoki.com\/index.php\/wp-json\/wp\/v2\/media?parent=546"}],"curies":[{"name":"wp","href":"https:\/\/api.w.org\/{rel}","templated":true}]}}