{"id":49,"date":"2016-03-29T13:14:00","date_gmt":"2016-03-29T12:14:00","guid":{"rendered":"http:\/\/www.reflexoki.com\/?page_id=49"},"modified":"2019-01-18T12:23:28","modified_gmt":"2019-01-18T11:23:28","slug":"seance","status":"publish","type":"page","link":"https:\/\/www.reflexoki.com\/index.php\/reflexologie\/seance\/","title":{"rendered":"S\u00e9ance"},"content":{"rendered":"<p><img loading=\"lazy\" decoding=\"async\" class=\"size-medium wp-image-110 aligncenter\" src=\"https:\/\/www.reflexoki.com\/wp-content\/uploads\/2016\/04\/image-5-min-300x212.jpg\" alt=\"image 5\" width=\"300\" height=\"212\"><\/p>\n<p>&nbsp;<\/p>\n<p class=\"lucida txt-38\" style=\"text-align: center;\">Pour qui&nbsp;?<\/p>\n<p>&nbsp;<\/p>\n<p class=\"bookman txt-18 txt-noir\" style=\"text-align: center;\"><em><strong>La r\u00e9flexologie est ouverte \u00e0 tous, b\u00e9b\u00e9s, enfants, adolescents et adultes<\/strong><\/em><\/p>\n<p class=\"bookman txt-18 txt-noir\" style=\"text-align: center;\"><em><strong>Pour tous ceux qui souhaitent recouvrer ou maintenir<br \/>\nl\u2019\u00e9quilibre et l\u2019harmonie<\/strong><\/em><\/p>\n<p>&nbsp;<\/p>\n<p class=\"lucida txt-38\" style=\"text-align: center;\"><em>Pour quoi&nbsp;?<\/em><\/p>\n<p>&nbsp;<\/p>\n<p class=\"bookman txt-18 txt-noir\" style=\"text-align: center;\"><strong><em>La r\u00e9flexologie permet une profonde relaxation et stimule le processus d\u2019auto-gu\u00e9rison du corps. Elle harmonise l\u2019\u00e9nergie vitale et stimule le syst\u00e8me immunitaire, en diminuant le stress, am\u00e9liorant la circulation sanguine, revitalise l&rsquo;organisme, am\u00e9liore le sommeil, soulage les tensions musculaires&#8230;<\/em><\/strong><\/p>\n<p class=\"bookman txt-18 txt-noir\" style=\"text-align: center;\"><strong><em>Chaque personne r\u00e9agit de fa\u00e7on diff\u00e9rente<br \/>\n\u00e0 une s\u00e9ance de r\u00e9flexologie.<br \/>\nIl est parfois n\u00e9cessaire d\u2019effectuer plusieurs s\u00e9ances<br \/>\npour que les b\u00e9n\u00e9fices s&rsquo;installent durablement<\/em><\/strong><\/p>\n<p>&nbsp;<\/p>\n<p class=\"lucida txt-28\" style=\"text-align: center;\">Contre-indications<\/p>\n<p>&nbsp;<\/p>\n<ul style=\"text-align: center; margin-left: 100px;\">\n<li class=\"bookman txt-noir txt-18\" style=\"text-align: left;\"><strong><em>Femme enceinte de moins de 3 mois, <\/em><\/strong><\/li>\n<li class=\"bookman txt-noir txt-18\" style=\"text-align: left;\"><strong><em>Traumatismes et inflammations des pieds (thrombose, phl\u00e9bites)<\/em><\/strong><\/li>\n<li class=\"bookman txt-noir txt-18\" style=\"text-align: left;\"><strong><em>Maladies cardiaques r\u00e9centes<\/em><\/strong><\/li>\n<\/ul>\n<p class=\"bookman txt-18 txt-noir\" style=\"text-align: center;\"><strong><em>Dans les cas de probl\u00e8mes aux pieds, il peut \u00eatre propos\u00e9 une r\u00e9flexologie palmaire<\/em><\/strong><\/p>\n<p>&nbsp;<\/p>\n<p><img loading=\"lazy\" decoding=\"async\" class=\"size-medium wp-image-113 aligncenter\" src=\"https:\/\/www.reflexoki.com\/wp-content\/uploads\/2016\/04\/image-6-min-300x196.jpg\" alt=\"image 6\" width=\"300\" height=\"196\"><\/p>\n<p>&nbsp;<\/p>\n<p>&nbsp;<\/p>\n<p style=\"text-align: center;\"><img loading=\"lazy\" decoding=\"async\" class=\"size-medium wp-image-114 alignleft\" src=\"https:\/\/www.reflexoki.com\/wp-content\/uploads\/2016\/04\/image-7-min-300x244.jpg\" alt=\"image 7\" width=\"300\" height=\"244\"><\/p>\n<p>&nbsp;<\/p>\n<p class=\"lucida txt-30\" style=\"text-align: center;\"><strong><em>D\u00e9roulement d\u2019une s\u00e9ance<\/em><\/strong><\/p>\n<p class=\"lucida txt-28\" style=\"text-align: center;\"><strong><em>Pr\u00e9voir 1h30<\/em><\/strong><\/p>\n<p>&nbsp;<br \/>\n&nbsp;<br \/>\n&nbsp;<br \/>\n&nbsp;<br \/>\n&nbsp;<br \/>\n&nbsp;<br \/>\n&nbsp;<\/p>\n<p class=\"bookman txt-noir txt-18 justifier\"><strong><em>Un entretien pr\u00e9c\u00e8de la s\u00e9ance pour faire le point sur vos attentes, vos ant\u00e9c\u00e9dents m\u00e9dicaux \u2026<\/em><\/strong><\/p>\n<p class=\"bookman txt-noir txt-18 justifier\"><strong><em>Vous \u00eates confortablement install\u00e9 en position allong\u00e9e sur une table de massage, pieds nus. Une musique relaxante vous aidera \u00e0 profiter&nbsp;de ce moment de \u201cl\u00e2cher-prise\u201d.<\/em><\/strong><\/p>\n<p class=\"bookman txt-noir txt-18 justifier\"><strong><em>La s\u00e9ance commence par des mouvements de relaxation pour d\u00e9nouer les tensions et permettre la d\u00e9tente. Dans un deuxi\u00e8me temps, par des mouvements sp\u00e9cifiques de reptation du pouce, millim\u00e8tre par millim\u00e8tre, les zones de tensions et les points sensibles sont d\u00e9tect\u00e9s. Ces zones sensibles, signe d\u2019un dysfonctionnement, sont alors stimul\u00e9es par des mouvements de pression. Massages et reptations du pouce sont altern\u00e9s.<br \/>\nLa s\u00e9ance se termine par un travail global sur le pied, des stimulations douces puis plus toniques, permettant ainsi le r\u00e9veil du corps et l\u2019ancrage de la s\u00e9ance.<\/em><\/strong><\/p>\n<p class=\"bookman txt-noir txt-18 justifier\"><strong><em>Il faut savoir que l\u2019effet b\u00e9n\u00e9fique d\u2019une s\u00e9ance de r\u00e9flexologie n\u2019est pas forcement imm\u00e9diat, mais que&nbsp;ses effets peuvent survenir jusqu\u2019\u00e0 72H apr\u00e8s.<\/em><\/strong><\/p>\n<p class=\"bookman txt-noir txt-18 justifier\"><strong><em>Vous ressentirez une relaxation g\u00e9n\u00e9rale, une l\u00e9g\u00e8re fatigue \u00e0 l\u2019issue de la s\u00e9ance.<\/em><\/strong><\/p>\n<p class=\"bookman txt-noir txt-18 justifier\"><strong><em>L\u2019\u00e9limination des toxines peuvent engendrer quelques maux, qui font partie du processus mais qui ne durent pas.<\/em><\/strong><\/p>\n","protected":false},"excerpt":{"rendered":"<p>&nbsp; Pour qui&nbsp;? &nbsp; La r\u00e9flexologie est ouverte \u00e0 tous, b\u00e9b\u00e9s, enfants, adolescents et adultes Pour tous ceux qui souhaitent recouvrer ou maintenir l\u2019\u00e9quilibre et l\u2019harmonie &nbsp; Pour quoi&nbsp;? &nbsp; La r\u00e9flexologie permet une profonde relaxation et stimule le processus d\u2019auto-gu\u00e9rison du corps. Elle harmonise l\u2019\u00e9nergie vitale et stimule le syst\u00e8me immunitaire, en diminuant le [&hellip;]<\/p>\n","protected":false},"author":1,"featured_media":0,"parent":23,"menu_order":0,"comment_status":"closed","ping_status":"closed","template":"","meta":{"footnotes":""},"class_list":["post-49","page","type-page","status-publish","hentry"],"aioseo_notices":[],"_links":{"self":[{"href":"https:\/\/www.reflexoki.com\/index.php\/wp-json\/wp\/v2\/pages\/49","targetHints":{"allow":["GET"]}}],"collection":[{"href":"https:\/\/www.reflexoki.com\/index.php\/wp-json\/wp\/v2\/pages"}],"about":[{"href":"https:\/\/www.reflexoki.com\/index.php\/wp-json\/wp\/v2\/types\/page"}],"author":[{"embeddable":true,"href":"https:\/\/www.reflexoki.com\/index.php\/wp-json\/wp\/v2\/users\/1"}],"replies":[{"embeddable":true,"href":"https:\/\/www.reflexoki.com\/index.php\/wp-json\/wp\/v2\/comments?post=49"}],"version-history":[{"count":8,"href":"https:\/\/www.reflexoki.com\/index.php\/wp-json\/wp\/v2\/pages\/49\/revisions"}],"predecessor-version":[{"id":653,"href":"https:\/\/www.reflexoki.com\/index.php\/wp-json\/wp\/v2\/pages\/49\/revisions\/653"}],"up":[{"embeddable":true,"href":"https:\/\/www.reflexoki.com\/index.php\/wp-json\/wp\/v2\/pages\/23"}],"wp:attachment":[{"href":"https:\/\/www.reflexoki.com\/index.php\/wp-json\/wp\/v2\/media?parent=49"}],"curies":[{"name":"wp","href":"https:\/\/api.w.org\/{rel}","templated":true}]}}