{"id":46,"date":"2016-03-29T13:11:58","date_gmt":"2016-03-29T12:11:58","guid":{"rendered":"http:\/\/www.reflexoki.com\/?page_id=46"},"modified":"2026-05-04T12:20:22","modified_gmt":"2026-05-04T11:20:22","slug":"ateliers","status":"publish","type":"page","link":"https:\/\/www.reflexoki.com\/index.php\/reflexologie\/ateliers\/","title":{"rendered":"Ateliers"},"content":{"rendered":"\n<p><\/p>\n\n\n<div class=\"wp-block-image\">\n<figure class=\"aligncenter size-large is-resized\"><img loading=\"lazy\" decoding=\"async\" width=\"1024\" height=\"833\" src=\"https:\/\/www.reflexoki.com\/wp-content\/uploads\/2024\/04\/image-n\u00b07-1024x833.jpg\" alt=\"\" class=\"wp-image-2088\" style=\"width:382px;height:auto\" srcset=\"https:\/\/www.reflexoki.com\/wp-content\/uploads\/2024\/04\/image-n\u00b07-1024x833.jpg 1024w, https:\/\/www.reflexoki.com\/wp-content\/uploads\/2024\/04\/image-n\u00b07-300x244.jpg 300w, https:\/\/www.reflexoki.com\/wp-content\/uploads\/2024\/04\/image-n\u00b07-768x625.jpg 768w, https:\/\/www.reflexoki.com\/wp-content\/uploads\/2024\/04\/image-n\u00b07-1536x1250.jpg 1536w, https:\/\/www.reflexoki.com\/wp-content\/uploads\/2024\/04\/image-n\u00b07-2048x1667.jpg 2048w\" sizes=\"auto, (max-width: 1024px) 100vw, 1024px\" \/><\/figure>\n<\/div>\n\n\n<p class=\"has-text-align-center\">Besoin de d\u00e9tente,<\/p>\n\n\n\n<p class=\"has-text-align-center\">&nbsp;de l\u00e2cher prise,<\/p>\n\n\n\n<p class=\"has-text-align-center\">de soulager vos tensions,<\/p>\n\n\n\n<p class=\"has-text-align-center\">&nbsp;vous lib\u00e9rez du stress quotidien,<\/p>\n\n\n\n<p class=\"has-text-align-center\">pour vous ou pour une personne de votre entourage,<\/p>\n\n\n<h1 style=\"text-align: center;\"><span style=\"color: #993366;\">l\u2019atelier initiation R\u00e9flexologie D\u00e9tente<\/span><span style=\"color: #993366;\"><br \/><\/span><\/h1>\n<h3 style=\"text-align: center;\"><span style=\"color: #333333;\"><strong><em>Atelier de 9h \u00e0 12h30<\/em><\/strong><\/span><\/h3>\n<h3 style=\"text-align: center;\"><strong>Lundi 6 Juillet 2026<\/strong><\/h3>\n<p style=\"text-align: center;\"><span style=\"color: #333333;\"><em>\u00e0 Dieulefit au 968 route de Fabras<\/em><\/span><\/p>\n<p style=\"text-align: center;\"><span style=\"color: #993366;\"><em>Tenue D\u00e9contract\u00e9e<\/em><\/span><\/p>\n<p style=\"text-align: center;\"><strong><em>Inscription par mail\u00a0 : <a href=\"mailto:veronique.nicol@reflexoki.com\" data-rich-text-format-boundary=\"true\">veronique.nicol@reflexoki.com<\/a><br \/><\/em><\/strong><\/p>\n<p style=\"text-align: center;\"><strong><em>Ou t\u00e9l\u00e9phone : 07 68 24 01 99<\/em><\/strong><\/p>\n\n\n<blockquote class=\"wp-block-quote is-layout-flow wp-block-quote-is-layout-flow\">\n<p class=\"has-text-align-center\"><strong><em>Minimum 2 personnes et maximum 6 personnes<\/em><\/strong><br><strong>35 \u20ac la session livret inclus<\/strong><\/p>\n<\/blockquote>\n","protected":false},"excerpt":{"rendered":"<p>Besoin de d\u00e9tente, &nbsp;de l\u00e2cher prise, de soulager vos tensions, &nbsp;vous lib\u00e9rez du stress quotidien, pour vous ou pour une personne de votre entourage, l\u2019atelier initiation R\u00e9flexologie D\u00e9tente Atelier de 9h \u00e0 12h30 Lundi 6 Juillet 2026 \u00e0 Dieulefit au 968 route de Fabras Tenue D\u00e9contract\u00e9e Inscription par mail\u00a0 : veronique.nicol@reflexoki.com Ou t\u00e9l\u00e9phone : 07 [&hellip;]<\/p>\n","protected":false},"author":1,"featured_media":0,"parent":23,"menu_order":0,"comment_status":"closed","ping_status":"closed","template":"","meta":{"footnotes":""},"class_list":["post-46","page","type-page","status-publish","hentry"],"aioseo_notices":[],"_links":{"self":[{"href":"https:\/\/www.reflexoki.com\/index.php\/wp-json\/wp\/v2\/pages\/46","targetHints":{"allow":["GET"]}}],"collection":[{"href":"https:\/\/www.reflexoki.com\/index.php\/wp-json\/wp\/v2\/pages"}],"about":[{"href":"https:\/\/www.reflexoki.com\/index.php\/wp-json\/wp\/v2\/types\/page"}],"author":[{"embeddable":true,"href":"https:\/\/www.reflexoki.com\/index.php\/wp-json\/wp\/v2\/users\/1"}],"replies":[{"embeddable":true,"href":"https:\/\/www.reflexoki.com\/index.php\/wp-json\/wp\/v2\/comments?post=46"}],"version-history":[{"count":46,"href":"https:\/\/www.reflexoki.com\/index.php\/wp-json\/wp\/v2\/pages\/46\/revisions"}],"predecessor-version":[{"id":2413,"href":"https:\/\/www.reflexoki.com\/index.php\/wp-json\/wp\/v2\/pages\/46\/revisions\/2413"}],"up":[{"embeddable":true,"href":"https:\/\/www.reflexoki.com\/index.php\/wp-json\/wp\/v2\/pages\/23"}],"wp:attachment":[{"href":"https:\/\/www.reflexoki.com\/index.php\/wp-json\/wp\/v2\/media?parent=46"}],"curies":[{"name":"wp","href":"https:\/\/api.w.org\/{rel}","templated":true}]}}