{"id":44,"date":"2016-03-29T13:09:23","date_gmt":"2016-03-29T12:09:23","guid":{"rendered":"http:\/\/www.reflexoki.com\/?page_id=44"},"modified":"2024-03-25T10:29:45","modified_gmt":"2024-03-25T09:29:45","slug":"accueil-site","status":"publish","type":"page","link":"https:\/\/www.reflexoki.com\/","title":{"rendered":"Bienvenue"},"content":{"rendered":"\n<p class=\"has-text-align-center txt-50\">Retrouvez votre \u00e9quilibre<\/p>\n\n\n\n<p class=\"has-text-align-center txt-50\">en toute harmonie<\/p>\n\n\n\n<p class=\"has-text-align-center txt-50\">votre bien-\u00eatre physique<\/p>\n\n\n\n<p class=\"has-text-align-center txt-50\">et \u00e9motionnel<\/p>\n\n\n<div class=\"wp-block-image\">\n<figure class=\"alignright\"><img decoding=\"async\" src=\"https:\/\/www.reflexoki.com\/wp-content\/uploads\/2016\/04\/LSF-128x128-min.jpg\" alt=\"lsf\" class=\"wp-image-277\"\/><\/figure>\n<\/div>\n\n\n<p class=\"has-text-align-right txt-11\" id=\"video\"><a href=\"https:\/\/www.reflexoki.com\/index.php\/videos\/\">Voir vid\u00e9os<\/a><\/p>\n\n\n<div class=\"wp-block-image\">\n<figure class=\"alignleft\"><a href=\"https:\/\/facebook.com\/nicol.veronique\/?fref=ts\"><img loading=\"lazy\" decoding=\"async\" width=\"300\" height=\"106\" src=\"https:\/\/www.reflexoki.com\/wp-content\/uploads\/2016\/04\/facebook-min-300x106.png\" alt=\"facebook-min\" class=\"wp-image-333\" srcset=\"https:\/\/www.reflexoki.com\/wp-content\/uploads\/2016\/04\/facebook-min-300x106.png 300w, https:\/\/www.reflexoki.com\/wp-content\/uploads\/2016\/04\/facebook-min-768x271.png 768w, https:\/\/www.reflexoki.com\/wp-content\/uploads\/2016\/04\/facebook-min-1024x362.png 1024w, https:\/\/www.reflexoki.com\/wp-content\/uploads\/2016\/04\/facebook-min.png 1280w\" sizes=\"auto, (max-width: 300px) 100vw, 300px\" \/><\/a><\/figure>\n<\/div>\n\n\n<p id=\"txt-fb\"><a href=\"https:\/\/facebook.com\/nicol.veronique\/?fref=ts\">Mon Facebook Pro<br><\/a><\/p>\n\n\n\n<p class=\"has-text-align-center\" id=\"flash\">NOUVEAU : Atelier R\u00e9flexo D\u00e9tente<br><\/p>\n\n\n\n<p class=\"has-large-font-size\"><a href=\"https:\/\/www.reflexoki.com\/index.php\/reiki\/formation\/\"><strong>Cliquer ici<\/strong><\/a><\/p>\n","protected":false},"excerpt":{"rendered":"<p>Retrouvez votre \u00e9quilibre en toute harmonie votre bien-\u00eatre physique et \u00e9motionnel Voir vid\u00e9os Mon Facebook Pro NOUVEAU : Atelier R\u00e9flexo D\u00e9tente Cliquer ici<\/p>\n","protected":false},"author":1,"featured_media":0,"parent":0,"menu_order":0,"comment_status":"closed","ping_status":"closed","template":"","meta":{"footnotes":""},"class_list":["post-44","page","type-page","status-publish","hentry"],"aioseo_notices":[],"_links":{"self":[{"href":"https:\/\/www.reflexoki.com\/index.php\/wp-json\/wp\/v2\/pages\/44","targetHints":{"allow":["GET"]}}],"collection":[{"href":"https:\/\/www.reflexoki.com\/index.php\/wp-json\/wp\/v2\/pages"}],"about":[{"href":"https:\/\/www.reflexoki.com\/index.php\/wp-json\/wp\/v2\/types\/page"}],"author":[{"embeddable":true,"href":"https:\/\/www.reflexoki.com\/index.php\/wp-json\/wp\/v2\/users\/1"}],"replies":[{"embeddable":true,"href":"https:\/\/www.reflexoki.com\/index.php\/wp-json\/wp\/v2\/comments?post=44"}],"version-history":[{"count":75,"href":"https:\/\/www.reflexoki.com\/index.php\/wp-json\/wp\/v2\/pages\/44\/revisions"}],"predecessor-version":[{"id":2074,"href":"https:\/\/www.reflexoki.com\/index.php\/wp-json\/wp\/v2\/pages\/44\/revisions\/2074"}],"wp:attachment":[{"href":"https:\/\/www.reflexoki.com\/index.php\/wp-json\/wp\/v2\/media?parent=44"}],"curies":[{"name":"wp","href":"https:\/\/api.w.org\/{rel}","templated":true}]}}