{"id":366,"date":"2016-04-30T15:16:08","date_gmt":"2016-04-30T14:16:08","guid":{"rendered":"http:\/\/www.reflexoki.com\/?page_id=366"},"modified":"2023-03-27T17:10:04","modified_gmt":"2023-03-27T16:10:04","slug":"mentions-legales","status":"publish","type":"page","link":"https:\/\/www.reflexoki.com\/index.php\/mentions-legales\/","title":{"rendered":"Mentions l\u00e9gales"},"content":{"rendered":"<p class=\"bookman txt-16 txt-noir justifier\"><strong style=\"color: white;\">Propri\u00e9taire du site internet<\/strong> : V\u00e9ronique NICOL<\/p>\n<p class=\"bookman txt-16 txt-noir justifier\">R\u00e9flexologie &#8211; Reiki &#8211; Qi Nei Zang &#8211; Access Bars &#8211; Sonoth\u00e9rapie<\/p>\n<p class=\"bookman txt-16 txt-noir justifier\">968 route de Fabras &#8211; 26220 Dieulefit<\/p>\n<p class=\"bookman txt-16 txt-noir justifier\">N\u00b0 SIRET\u00a0: 819 385 097 00020<\/p>\n<p class=\"bookman txt-16 txt-noir justifier\">Il est interdit \u00e0 tout internaute de copier ou reproduire tout ou partie du contenu du site, sauf autorisation sp\u00e9cifique et expresse de <strong>reflexoki.com<\/strong><\/p>\n<p class=\"bookman txt-16 txt-noir justifier\"><strong style=\"color: white;\">Responsable de publication :<\/strong> V\u00e9ronique NICOL<\/p>\n<p class=\"bookman txt-16 txt-noir justifier\">Les informations de ce site peuvent contenir des inexactitudes techniques ou des erreurs typographiques.<\/p>\n<p class=\"bookman txt-16 txt-noir justifier\">Ces informations peuvent \u00eatre p\u00e9riodiquement modifi\u00e9es.\u00a0<strong style=\"color: #2f1e0e;\">www.reflexoki.com<\/strong> peut apporter des am\u00e9liorations ou des changements \u00e0 ce site et ce sans pr\u00e9avis.<\/p>\n<p class=\"bookman txt-16\"><strong>H\u00e9bergeur<\/strong><\/p>\n<p class=\"bookman txt-16 txt-noir\"><strong>OVH<\/strong><\/p>\n<p class=\"bookman txt-16 txt-noir\">2 rue Kellerman<\/p>\n<p class=\"bookman txt-16 txt-noir\">59100 ROUBAIX<\/p>\n<p class=\"bookman txt-16 txt-noir\">ovh.com<\/p>\n<p class=\"bookman txt-16\"><strong>Cr\u00e9dits photos<\/strong><\/p>\n<p class=\"bookman txt-16 txt-noir\"><strong>www.reflexoki.com<\/strong><\/p>\n<p class=\"bookman txt-16 txt-noir\"><strong>123rf.com<\/strong><\/p>\n<p class=\"bookman txt-16\"><strong>Droits d\u2019auteur \u2013 Copyright<\/strong><\/p>\n<p class=\"bookman txt-16 txt-noir justifier\">Les informations, pictogrammes, photographies, images, textes, s\u00e9quences vid\u00e9o, animations, logotypes et autres documents pr\u00e9sents sur le site Internet sont prot\u00e9g\u00e9s par le droit de la propri\u00e9t\u00e9 intellectuelle. En ces termes, l\u2019article L 122-4 du Code de la propri\u00e9t\u00e9 intellectuelle indique : \u00ab Toute repr\u00e9sentation ou reproduction int\u00e9grale ou partielle faite sans le consentement de l\u2019auteur ou de ses ayants droit ou ayants cause est illicite.<\/p>\n<p class=\"bookman txt-16 txt-noir justifier\">Il en est de m\u00eame pour la traduction, l\u2019adaptation ou la transformation, l\u2019arrangement ou la reproduction par un art ou un proc\u00e9d\u00e9 quelconque. \u00bb<\/p>\n<p class=\"bookman txt-16 txt-noir justifier\">Ainsi, toute copie illicite du site peut faire l\u2019objet de poursuites sur le terrain de la contrefa\u00e7on sanctionn\u00e9e par les articles L 335-2 et suivants du Code de la propri\u00e9t\u00e9 intellectuelle.<\/p>\n<p class=\"bookman txt-16 txt-noir justifier\">Informatique et libert\u00e9 \u2013 Protection des donn\u00e9es personnelles.<\/p>\n<p class=\"bookman txt-16 txt-noir justifier\">Les informations collect\u00e9es par le biais du pr\u00e9sent site sont exclusivement destin\u00e9es \u00e0 <strong>www.reflexoki.com<\/strong><\/p>\n<p class=\"bookman txt-16 txt-noir justifier\">Conform\u00e9ment aux dispositions contenues dans la loi n\u00b0 78-17 du 6 Janvier 1978 modifi\u00e9e relative \u00e0 l\u2019informatique, aux fichiers et aux libert\u00e9s, vous disposez d\u2019un droit d\u2019acc\u00e8s, de rectification, de modification et de suppression concernant les donn\u00e9es qui vous concernent.<\/p>\n<p class=\"bookman txt-16\"><strong>Liens hypertextes vers d\u2019autres sites Internet<\/strong><\/p>\n<p class=\"bookman txt-16 txt-noir justifier\">Les liens hypertextes mis en place dans le cadre du pr\u00e9sent site Internet en direction d\u2019autres ressources pr\u00e9sentes sur le r\u00e9seau Internet sont propos\u00e9s uniquement pour vous apporter l\u2019information la plus compl\u00e8te et ni leur contenu ou les liens qu\u2019ils contiennent, ni les changements ou mises \u00e0 jour qui leur sont apport\u00e9s ne sauraient engager la responsabilit\u00e9 de <strong>www.reflexoki.com. Reflexoki.com <\/strong>autorise tout site Internet ou tout support \u00e0 mettre en place un lien hypertexte en direction de son contenu \u00e0 l\u2019exception de ceux diffusant des contenus contraires aux bonnes m\u0153urs.<\/p>\n","protected":false},"excerpt":{"rendered":"<p>Propri\u00e9taire du site internet : V\u00e9ronique NICOL R\u00e9flexologie &#8211; Reiki &#8211; Qi Nei Zang &#8211; Access Bars &#8211; Sonoth\u00e9rapie 968 route de Fabras &#8211; 26220 Dieulefit N\u00b0 SIRET\u00a0: 819 385 097 00020 Il est interdit \u00e0 tout internaute de copier ou reproduire tout ou partie du contenu du site, sauf autorisation sp\u00e9cifique et expresse de [&hellip;]<\/p>\n","protected":false},"author":1,"featured_media":0,"parent":0,"menu_order":0,"comment_status":"closed","ping_status":"closed","template":"","meta":{"footnotes":""},"class_list":["post-366","page","type-page","status-publish","hentry"],"aioseo_notices":[],"_links":{"self":[{"href":"https:\/\/www.reflexoki.com\/index.php\/wp-json\/wp\/v2\/pages\/366","targetHints":{"allow":["GET"]}}],"collection":[{"href":"https:\/\/www.reflexoki.com\/index.php\/wp-json\/wp\/v2\/pages"}],"about":[{"href":"https:\/\/www.reflexoki.com\/index.php\/wp-json\/wp\/v2\/types\/page"}],"author":[{"embeddable":true,"href":"https:\/\/www.reflexoki.com\/index.php\/wp-json\/wp\/v2\/users\/1"}],"replies":[{"embeddable":true,"href":"https:\/\/www.reflexoki.com\/index.php\/wp-json\/wp\/v2\/comments?post=366"}],"version-history":[{"count":24,"href":"https:\/\/www.reflexoki.com\/index.php\/wp-json\/wp\/v2\/pages\/366\/revisions"}],"predecessor-version":[{"id":1650,"href":"https:\/\/www.reflexoki.com\/index.php\/wp-json\/wp\/v2\/pages\/366\/revisions\/1650"}],"wp:attachment":[{"href":"https:\/\/www.reflexoki.com\/index.php\/wp-json\/wp\/v2\/media?parent=366"}],"curies":[{"name":"wp","href":"https:\/\/api.w.org\/{rel}","templated":true}]}}