{"id":29,"date":"2016-03-29T08:49:10","date_gmt":"2016-03-29T07:49:10","guid":{"rendered":"http:\/\/www.reflexoki.com\/?page_id=29"},"modified":"2025-10-15T10:24:47","modified_gmt":"2025-10-15T09:24:47","slug":"sonotherapie","status":"publish","type":"page","link":"https:\/\/www.reflexoki.com\/index.php\/sonotherapie\/","title":{"rendered":"Sonoth\u00e9raphie"},"content":{"rendered":"<h2 style=\"text-align: center;\"><em>VOYAGE SONORE<\/em><\/h2>\n<div>\n<h4 style=\"text-align: center;\"><strong><em>Venez vous d\u00e9tendre <\/em><\/strong><strong><em>le Jeudi 4 D\u00e9cembre 2025<\/em><\/strong><\/h4>\n<h4 style=\"text-align: center;\"><strong><em><br \/><\/em><\/strong><strong><em> de 18h30 \u00e0 19h30<br \/><\/em><\/strong><strong><em>pour un voyage sonore<br \/><\/em><\/strong><\/h4>\n<h4 style=\"text-align: center;\"><strong><em>suivi d&rsquo;un \u00e9change autour d&rsquo;une tisane<\/em><\/strong><\/h4>\n<p><img loading=\"lazy\" decoding=\"async\" class=\"alignnone  wp-image-1706 aligncenter\" src=\"https:\/\/www.reflexoki.com\/wp-content\/uploads\/2023\/04\/voyage-sonore-300x225.jpg\" alt=\"\" width=\"353\" height=\"265\" srcset=\"https:\/\/www.reflexoki.com\/wp-content\/uploads\/2023\/04\/voyage-sonore-300x225.jpg 300w, https:\/\/www.reflexoki.com\/wp-content\/uploads\/2023\/04\/voyage-sonore-1024x768.jpg 1024w, https:\/\/www.reflexoki.com\/wp-content\/uploads\/2023\/04\/voyage-sonore-768x576.jpg 768w, https:\/\/www.reflexoki.com\/wp-content\/uploads\/2023\/04\/voyage-sonore-1536x1152.jpg 1536w, https:\/\/www.reflexoki.com\/wp-content\/uploads\/2023\/04\/voyage-sonore-2048x1536.jpg 2048w\" sizes=\"auto, (max-width: 353px) 100vw, 353px\" \/><\/p>\n<p class=\"bookman txt-rose txt-18\" style=\"text-align: center;\"><strong><em>au travers des bols tib\u00e9tains\u00a0et quelques petits instruments<\/em><\/strong><br \/><strong><em>(Les bols tib\u00e9tains g\u00e9n\u00e8rent dans le cerveau des ondes alphas qui correspondent \u00e0 un \u00e9tat m\u00e9ditatif profond)<\/em><\/strong><\/p>\n<h4 style=\"text-align: center;\"><strong><em>Confortablement install\u00e9(e) sur votre tapis,<br \/>laissez-vous porter par les sons et les vibrations,<br \/>ces m\u00eames vibrations qui traverseront votre peau<br \/>et p\u00e9n\u00e8treront jusqu&rsquo;au plus profond de vos cellules\u2026<br \/>lib\u00e9rant\u00a0blocages, tensions et stress,<\/em><\/strong><\/h4>\n<h4 style=\"text-align: center;\"><strong><em>un moment privil\u00e9gi\u00e9 de profonde d\u00e9tente et de l\u00e2cher prise<\/em><\/strong><\/h4>\n<\/div>\n<h5>\u00a0<\/h5>\n<div>\n<h5 style=\"text-align: left;\"><em><br \/>participation : 10 \u20ac\/personne<\/em>\u00a0<em>R\u00e8glement sur place en esp\u00e8ces, ch\u00e8que<\/em><\/h5>\n<h5 style=\"text-align: left;\"><em>Places limit\u00e9es \u00e0 6 personnes<br \/><\/em><br \/><em>S\u00e9ance d&rsquo;une heure avec un \u00e9change en fin de s\u00e9ance autour d&rsquo;une<\/em>\u00a0<em>tisane<\/em><\/h5>\n<h5 style=\"text-align: left;\"><em>Pour votre confort, merci d&rsquo;amener votre coussin, couverture et<\/em>\u00a0<em>chaussettes des tapis sont \u00e0 votre disposition<\/em><\/h5>\n<h5 style=\"text-align: left;\"><strong><em>Inscription imp\u00e9rative par mail :\u00a0<a href=\"mailto:veronique.nicol@reflexoki.com\">veronique.nicol@reflexoki.com<\/a><\/em><\/strong><\/h5>\n<\/div>\n<h5 class=\"lucida txt-30\" style=\"text-align: left;\">\u00a0<\/h5>\n<p class=\"lucida txt-30\" style=\"text-align: center;\"><em>La Sonoth\u00e9rapie<br \/><\/em><\/p>\n<p class=\"lucida txt-30\" style=\"text-align: center;\"><em>ou<\/em><\/p>\n<p class=\"lucida txt-30\" style=\"text-align: center;\"><em>Le Toucher par les sons\u00ae<\/em><\/p>\n<p class=\"bookman txt-18 txt-noir justifier\" style=\"text-align: center;\"><b><i>est une technique th\u00e9rapeutique<\/i><\/b><\/p>\n<p class=\"bookman txt-18 txt-noir justifier\" style=\"text-align: center;\"><b><i>se basant sur la r\u00e9sonance physique et \u00e9motionnelle du corps<\/i><\/b><\/p>\n<p class=\"bookman txt-18 txt-noir justifier\" style=\"text-align: center;\"><b><i>Elle agit sur les chakras (centres d&rsquo;\u00e9nergie du corps)<\/i><\/b><\/p>\n<p class=\"bookman txt-18 txt-noir justifier\" style=\"text-align: center;\"><b><i> de fa\u00e7on plus intense<\/i><\/b><\/p>\n<p class=\"bookman txt-18 txt-noir justifier\" style=\"text-align: center;\"><b><i>et travaille en profondeur, jusqu&rsquo;au niveau cellulaire<\/i><\/b><\/p>\n<p class=\"bookman txt-18 txt-noir justifier\" style=\"text-align: center;\"><b><i>J&rsquo;utilise les diapasons, les bols tib\u00e9tains et la voix<\/i><\/b><\/p>\n<p class=\"bookman txt-18 txt-noir justifier\" style=\"text-align: center;\"><b><i>Qui agissent comme un massage sonore pour le corps et l&rsquo;esprit<\/i><\/b><\/p>\n<p class=\"bookman txt-14 txt-noir justifier\" style=\"text-align: center;\"><b><i>(recharge le syst\u00e8me nerveux et favorise la relaxation,<\/i><\/b><\/p>\n<p class=\"bookman txt-14 txt-noir justifier\" style=\"text-align: center;\"><b><i> augmente la vitalit\u00e9, active la circulation sanguine&#8230;)<\/i><\/b><\/p>\n<p><img loading=\"lazy\" decoding=\"async\" class=\"size-medium wp-image-508 alignright\" src=\"https:\/\/www.reflexoki.com\/wp-content\/uploads\/2017\/10\/image-sonotherapie-min-300x225.jpg\" alt=\"\" width=\"300\" height=\"225\" srcset=\"https:\/\/www.reflexoki.com\/wp-content\/uploads\/2017\/10\/image-sonotherapie-min-300x225.jpg 300w, https:\/\/www.reflexoki.com\/wp-content\/uploads\/2017\/10\/image-sonotherapie-min.jpg 587w\" sizes=\"auto, (max-width: 300px) 100vw, 300px\" \/><\/p>\n<p style=\"text-align: center;\"><a class=\"txt-violet txt-14\" href=\"https:\/\/www.youtube.com\/watch?v=xeF3c-YG_Hw\">https:\/\/www.youtube.com\/watch?v=xeF3c-YG_Hw<\/a><\/p>\n<p style=\"text-align: center;\"><a class=\"txt-violet txt-14\" href=\"https:\/\/www.youtube.com\/watch?v=jK8wcDbS5D8\">https:\/\/www.youtube.com\/watch?v=jK8wcDbS5D8<\/a><\/p>\n<p style=\"text-align: center;\"><a class=\"txt-violet txt-14\" href=\"https:\/\/www.youtube.com\/watch?v=lGcaypUXM4M\">https:\/\/www.youtube.com\/watch?v=lGcaypUXM4M<\/a><\/p>\n<p style=\"text-align: center;\"><a class=\"txt-violet txt-14\" href=\"https:\/\/www.youtube.com\/watch?v=72BcHuqAq6A\">https:\/\/www.youtube.com\/watch?v=72BcHuqAq6A<\/a><\/p>\n<p style=\"text-align: center;\"><a href=\"https:\/\/www.youtube.com\/watch?v=H1LPPrmyyWg&amp;feature=youtu.be&amp;fbclid=IwAR0_8tr2HJM33A9UdVgc-EYAuLMpJs6lylpV4JXlY_v92bJHdmJ3hFZ9uaE\">https:\/\/www.youtube.com\/watch?v=H1LPPrmyyWg&amp;feature=youtu.be&amp;fbclid=IwAR0_8tr2HJM33A9UdVgc-EYAuLMpJs6lylpV4JXlY_v92bJHdmJ3hFZ9uaE<\/a><\/p>\n\n\n<p><\/p>\n","protected":false},"excerpt":{"rendered":"<p>VOYAGE SONORE Venez vous d\u00e9tendre le Jeudi 4 D\u00e9cembre 2025 de 18h30 \u00e0 19h30pour un voyage sonore suivi d&rsquo;un \u00e9change autour d&rsquo;une tisane au travers des bols tib\u00e9tains\u00a0et quelques petits instruments(Les bols tib\u00e9tains g\u00e9n\u00e8rent dans le cerveau des ondes alphas qui correspondent \u00e0 un \u00e9tat m\u00e9ditatif profond) Confortablement install\u00e9(e) sur votre tapis,laissez-vous porter par les [&hellip;]<\/p>\n","protected":false},"author":1,"featured_media":0,"parent":0,"menu_order":0,"comment_status":"closed","ping_status":"closed","template":"","meta":{"footnotes":""},"class_list":["post-29","page","type-page","status-publish","hentry"],"aioseo_notices":[],"_links":{"self":[{"href":"https:\/\/www.reflexoki.com\/index.php\/wp-json\/wp\/v2\/pages\/29","targetHints":{"allow":["GET"]}}],"collection":[{"href":"https:\/\/www.reflexoki.com\/index.php\/wp-json\/wp\/v2\/pages"}],"about":[{"href":"https:\/\/www.reflexoki.com\/index.php\/wp-json\/wp\/v2\/types\/page"}],"author":[{"embeddable":true,"href":"https:\/\/www.reflexoki.com\/index.php\/wp-json\/wp\/v2\/users\/1"}],"replies":[{"embeddable":true,"href":"https:\/\/www.reflexoki.com\/index.php\/wp-json\/wp\/v2\/comments?post=29"}],"version-history":[{"count":58,"href":"https:\/\/www.reflexoki.com\/index.php\/wp-json\/wp\/v2\/pages\/29\/revisions"}],"predecessor-version":[{"id":2333,"href":"https:\/\/www.reflexoki.com\/index.php\/wp-json\/wp\/v2\/pages\/29\/revisions\/2333"}],"wp:attachment":[{"href":"https:\/\/www.reflexoki.com\/index.php\/wp-json\/wp\/v2\/media?parent=29"}],"curies":[{"name":"wp","href":"https:\/\/api.w.org\/{rel}","templated":true}]}}