{"id":27,"date":"2016-03-29T08:48:04","date_gmt":"2016-03-29T07:48:04","guid":{"rendered":"http:\/\/www.reflexoki.com\/?page_id=27"},"modified":"2023-04-05T18:35:44","modified_gmt":"2023-04-05T17:35:44","slug":"access-bars","status":"publish","type":"page","link":"https:\/\/www.reflexoki.com\/index.php\/access-bars\/","title":{"rendered":"Access Bars"},"content":{"rendered":"<p class=\"lucida txt-28\" style=\"text-align: center;\"><em>Access Bars<\/em><\/p>\n<p class=\"lucida txt-28\" style=\"text-align: center;\"><em>ou<\/em><\/p>\n<p class=\"lucida txt-28\" style=\"text-align: center;\"><em>Lib\u00e9ration des m\u00e9moires<\/em><\/p>\n<p class=\"bookman txt-16 txt-noir justifier\" style=\"text-align: center;\"><strong><em>Access Consciousness\u00ae Bars ou Lib\u00e9ration des M\u00e9moires <\/em><\/strong><\/p>\n<p class=\"bookman txt-16 txt-noir justifier\" style=\"text-align: center;\"><strong><em>fait partie des nouveaux processus d\u2019\u00e9volution de la conscience<\/em><\/strong><\/p>\n<p><img loading=\"lazy\" decoding=\"async\" class=\"alignnone size-medium wp-image-1681 aligncenter\" src=\"https:\/\/www.reflexoki.com\/wp-content\/uploads\/2023\/04\/14102554_677600719054514_2734300857983933584_n-300x300.jpg\" alt=\"\" width=\"300\" height=\"300\" srcset=\"https:\/\/www.reflexoki.com\/wp-content\/uploads\/2023\/04\/14102554_677600719054514_2734300857983933584_n-300x300.jpg 300w, https:\/\/www.reflexoki.com\/wp-content\/uploads\/2023\/04\/14102554_677600719054514_2734300857983933584_n-150x150.jpg 150w, https:\/\/www.reflexoki.com\/wp-content\/uploads\/2023\/04\/14102554_677600719054514_2734300857983933584_n.jpg 404w\" sizes=\"auto, (max-width: 300px) 100vw, 300px\" \/><\/p>\n<p class=\"bookman txt-16 txt-noir justifier\" style=\"text-align: center;\">C\u2019est un soin \u00e9nerg\u00e9tique au cours duquel 32 points sp\u00e9cifiques sur la t\u00eate sont touch\u00e9s en douceur<\/p>\n<p class=\"bookman txt-16 txt-noir justifier\" style=\"text-align: center;\">Cette activation en polarit\u00e9 de fa\u00e7on sym\u00e9trique, a pour effet<br \/>\nde dissiper la charge \u00e9lectromagn\u00e9tique<br \/>\nqui maintient en place les pens\u00e9es, consid\u00e9rations, conclusions, attitudes, \u00e9motions et sentiments que vous avez accumul\u00e9s<br \/>\net qui vous limitent dans diff\u00e9rents domaines<\/p>\n<p class=\"bookman txt-16 txt-noir justifier\" style=\"text-align: center;\">Ce soin efface sans effort et \u00e9limine facilement tous les sch\u00e9mas limitants<br \/>\net r\u00e9p\u00e9titifs dont on est pr\u00eat \u00e0 se d\u00e9faire, dissout les tensions,<br \/>\net induit une expansion de conscience<\/p>\n<p style=\"text-align: center;\">Une s\u00e9ance dure environ une heure, elle apporte une relaxation profonde et \u00e9limine l\u2019impact n\u00e9gatif que les pens\u00e9es, sentiments et \u00e9motions<br \/>\nont sur les cellules de votre corps<\/p>\n<p style=\"text-align: center;\"><a class=\"txt-violet\" href=\"https:\/\/youtube.com\/watch?v=Cc4Kx6bJSvM\">https:\/\/youtube.com\/watch?v=Cc4Kx6bJSvM<\/a><\/p>\n","protected":false},"excerpt":{"rendered":"<p>Access Bars ou Lib\u00e9ration des m\u00e9moires Access Consciousness\u00ae Bars ou Lib\u00e9ration des M\u00e9moires fait partie des nouveaux processus d\u2019\u00e9volution de la conscience C\u2019est un soin \u00e9nerg\u00e9tique au cours duquel 32 points sp\u00e9cifiques sur la t\u00eate sont touch\u00e9s en douceur Cette activation en polarit\u00e9 de fa\u00e7on sym\u00e9trique, a pour effet de dissiper la charge \u00e9lectromagn\u00e9tique qui [&hellip;]<\/p>\n","protected":false},"author":1,"featured_media":0,"parent":0,"menu_order":0,"comment_status":"closed","ping_status":"closed","template":"","meta":{"footnotes":""},"class_list":["post-27","page","type-page","status-publish","hentry"],"aioseo_notices":[],"_links":{"self":[{"href":"https:\/\/www.reflexoki.com\/index.php\/wp-json\/wp\/v2\/pages\/27","targetHints":{"allow":["GET"]}}],"collection":[{"href":"https:\/\/www.reflexoki.com\/index.php\/wp-json\/wp\/v2\/pages"}],"about":[{"href":"https:\/\/www.reflexoki.com\/index.php\/wp-json\/wp\/v2\/types\/page"}],"author":[{"embeddable":true,"href":"https:\/\/www.reflexoki.com\/index.php\/wp-json\/wp\/v2\/users\/1"}],"replies":[{"embeddable":true,"href":"https:\/\/www.reflexoki.com\/index.php\/wp-json\/wp\/v2\/comments?post=27"}],"version-history":[{"count":19,"href":"https:\/\/www.reflexoki.com\/index.php\/wp-json\/wp\/v2\/pages\/27\/revisions"}],"predecessor-version":[{"id":1972,"href":"https:\/\/www.reflexoki.com\/index.php\/wp-json\/wp\/v2\/pages\/27\/revisions\/1972"}],"wp:attachment":[{"href":"https:\/\/www.reflexoki.com\/index.php\/wp-json\/wp\/v2\/media?parent=27"}],"curies":[{"name":"wp","href":"https:\/\/api.w.org\/{rel}","templated":true}]}}