{"id":25,"date":"2016-03-29T08:47:55","date_gmt":"2016-03-29T07:47:55","guid":{"rendered":"http:\/\/www.reflexoki.com\/?page_id=25"},"modified":"2026-04-18T17:08:51","modified_gmt":"2026-04-18T16:08:51","slug":"reiki","status":"publish","type":"page","link":"https:\/\/www.reflexoki.com\/index.php\/reiki\/","title":{"rendered":"Reiki"},"content":{"rendered":"<h1 class=\"lucida\" style=\"text-align: center;\"><span style=\"color: #ffffff;\"><em>Reiki Partage<\/em><\/span><\/h1>\n<h3 style=\"text-align: center;\"><strong><span style=\"color: #993366;\"><em class=\"bookman txt-noir txt-20\">Jeudi 28 Mai 2026 \u00e0 18h<\/em><\/span><\/strong><\/h3>\n<p style=\"text-align: center;\"><strong><em class=\"bookman txt-noir txt-20\">Ouvert \u00e0 toute personne initi\u00e9e <\/em><\/strong><strong><em class=\"bookman txt-noir txt-20\">au Reiki<br \/>Gratuit<br \/>merci de confirmer votre venue<\/em><\/strong><\/p>\n<p style=\"text-align: center;\"><strong><em class=\"bookman txt-noir txt-20\">contact : veronique.nicol@reflexoki.com<\/em><\/strong><\/p>\n<h1 class=\"lucida\" style=\"text-align: center;\"><span style=\"color: #ffffff;\"><em>Reiki<\/em><\/span><\/h1>\n<p style=\"text-align: center;\"><strong><em class=\"bookman txt-noir txt-20\">REI : universel, essence&#8230; <\/em><\/strong><\/p>\n<p style=\"text-align: center;\"><strong><em class=\"bookman txt-noir txt-20\">KI : \u00e9nergie de la force de vie<\/em><\/strong><\/p>\n<h2 class=\"lucida\" style=\"text-align: center;\"><strong><em>Energie universelle de vie<\/em><\/strong><\/h2>\n<p style=\"text-align: center;\"><strong><em class=\"bookman txt-noir txt-20\">Le Reiki est la mise ou la remise en contact<\/em><\/strong><\/p>\n<p style=\"text-align: center;\"><strong><em class=\"bookman txt-noir txt-20\">de \u00ab\u00a0l&rsquo;\u00e9nergie universelle\u00a0\u00bb<\/em><\/strong><\/p>\n<p style=\"text-align: center;\"><strong><em class=\"bookman txt-noir txt-20\">et de votre propre \u00ab\u00a0force vitale\u00a0\u00bb <\/em><\/strong><\/p>\n<p style=\"text-align: center;\"><strong><em class=\"bookman txt-noir txt-20\">dans le but d&rsquo;\u00e9veiller<\/em><\/strong><\/p>\n<p style=\"text-align: center;\"><strong><em class=\"bookman txt-noir txt-20\">un processus dynamique d\u2019auto-gu\u00e9rison<\/em><\/strong><\/p>\n<p style=\"text-align: center;\"><strong><em class=\"bookman txt-noir txt-20\">par une technique d&rsquo;apposition des mains<\/em><\/strong><\/p>\n<p style=\"text-align: center;\"><strong><em class=\"bookman txt-noir txt-20\">simple et efficace<\/em><\/strong><\/p>\n<p style=\"text-align: center;\"><strong><em class=\"txt-16 txt-violet\">\u00ab\u00a0LE PLUS GRAND BIEN QUE NOUS FAISONS AUX AUTRES HOMMES<\/em><\/strong><\/p>\n<p style=\"text-align: center;\"><strong><em class=\"txt-16 txt-violet\">N\u2019EST PAS DE LEUR COMMUNIQUER NOTRE RICHESSE,<\/em><\/strong><\/p>\n<p style=\"text-align: center;\"><strong><em class=\"txt-16 txt-violet\">MAIS DE LEUR\u00a0R\u00c9V\u00c9LER\u00a0LA LEUR.\u00a0\u00bb<\/em><\/strong><\/p>\n<p style=\"text-align: center;\"><strong><em class=\"txt-16 txt-violet\">Louis Lavelle, Extrait \u00ab\u00a0L\u2019Erreur de Narcisse\u00a0\u00bb<\/em><\/strong><\/p>\n<p class=\"txt-noir\" style=\"text-align: center;\"><a class=\"txt-violet txt-15\" href=\"https:\/\/youtube.com\/watch?v=3VxR2drHIrQ\">https:\/\/youtube.com\/watch?v=3VxR2drHIrQ<\/a> (LSF)<\/p>\n<p style=\"text-align: center;\"><a class=\"txt-violet txt-15\" href=\"https:\/\/youtube.com\/watch?v=ldTxkNx3zDM\">https:\/\/youtube.com\/watch?v=ldTxkNx3zDM<\/a><\/p>\n<h2><img loading=\"lazy\" decoding=\"async\" class=\"wp-image-724 aligncenter\" src=\"https:\/\/www.reflexoki.com\/wp-content\/uploads\/2019\/07\/Id\u00e9aux-du-Reiki-300x172.jpg\" alt=\"\" width=\"559\" height=\"321\" srcset=\"https:\/\/www.reflexoki.com\/wp-content\/uploads\/2019\/07\/Id\u00e9aux-du-Reiki-300x172.jpg 300w, https:\/\/www.reflexoki.com\/wp-content\/uploads\/2019\/07\/Id\u00e9aux-du-Reiki-768x441.jpg 768w, https:\/\/www.reflexoki.com\/wp-content\/uploads\/2019\/07\/Id\u00e9aux-du-Reiki-1024x588.jpg 1024w\" sizes=\"auto, (max-width: 559px) 100vw, 559px\" \/><\/h2>\n<h2 class=\"lucida\" style=\"text-align: center;\"><strong><em>Un peu d&rsquo;histoire<\/em><\/strong><\/h2>\n<p style=\"text-align: center;\"><a href=\"https:\/\/www.reflexoki.com\/wp-content\/uploads\/2023\/04\/Un-peu-dhistoire.pdf\">https:\/\/www.reflexoki.com\/wp-content\/uploads\/2023\/04\/Un-peu-dhistoire.pdf<\/a><\/p>\n<h2 class=\"lucida\" style=\"text-align: center;\"><strong><em>Code d&rsquo;\u00e9thique<\/em><\/strong><\/h2>\n<p style=\"text-align: center;\"><a href=\"https:\/\/www.reflexoki.com\/wp-content\/uploads\/2023\/04\/Un-Code-ethique-le-reiki-nest-pas.pdf\">https:\/\/www.reflexoki.com\/wp-content\/uploads\/2023\/04\/Un-peu-dhistoire.pdf<\/a><\/p>\n<h2 class=\"lucida\" style=\"text-align: center;\"><em>Reiki Karuna\u00ae<\/em><\/h2>\n<p style=\"text-align: center;\"><strong><em class=\"bookman txt-noir txt-20\">Karuna est un mot sanskrit<\/em><\/strong><\/p>\n<p style=\"text-align: center;\"><strong><em class=\"bookman txt-noir txt-20\">il est employ\u00e9 dans l&rsquo;hindouisme, le bouddhisme et le Zen<\/em><\/strong><\/p>\n<p style=\"text-align: center;\"><strong><em class=\"bookman txt-noir txt-20\">Il est utilis\u00e9 pour d\u00e9crire toute initiative visant \u00e0 amoindrir la souffrance des autres<\/em><\/strong><\/p>\n<p style=\"text-align: center;\"><strong><em class=\"bookman txt-noir txt-20\">Il signifie : Acte de Compassion<\/em><\/strong><\/p>\n<h3>\u00a0<\/h3>\n<h3 class=\"bookman\" style=\"text-align: center;\"><em><span style=\"color: #ffffff;\"><strong>Ma\u00eetre Enseignante Reiki\u00a0Usui et Reiki Karuna<\/strong>\u00ae<\/span><\/em><\/h3>\n<h3 class=\"bookman\" style=\"text-align: center;\"><em><span style=\"color: #ffffff;\">Je propose des s\u00e9ances et des initiations<br \/>dans la lign\u00e9e de Mikao USUI (niveau 1 \u00e0 4)<\/span><\/em><br \/><em><span style=\"color: #ffffff;\">et en Reiki Karuna\u00ae\u00a0(niveau 1 \u00e0 4)<\/span><\/em><\/h3>\n<h3 class=\"bookman\" style=\"text-align: center;\"><strong><span style=\"color: #000000;\"><em>Un protocole de 4 s\u00e9ances est pr\u00e9conis\u00e9<br \/><\/em><em> afin de restaurer votre capital \u00e9nerg\u00e9tique<br \/>activant ainsi votre processus d\u2019auto gu\u00e9rison<\/em><\/span><\/strong><\/h3>\n<h3>\u00a0<\/h3>\n<h3 class=\"bookman\" style=\"text-align: center;\"><strong><em><span style=\"color: #000000;\">Ce protocole comprends plusieurs techniques :<\/span><\/em><\/strong><\/h3>\n<h3 class=\"bookman\" style=\"text-align: center;\"><strong><span style=\"color: #000000;\"><em style=\"text-align: center;\">Synthonie de gu\u00e9rison<br \/>(permet un apport maximum d\u2019\u00e9nergie)<\/em><\/span><\/strong><\/h3>\n<h3 class=\"bookman\" style=\"text-align: center;\"><strong><span style=\"color: #000000;\"><em style=\"text-align: center;\"><br \/><\/em><em style=\"text-align: center;\">L\u2019IPE (L\u2019Intervention Psycho \u00e9nerg\u00e9tique)<br \/><\/em><em style=\"text-align: center;\">travail sur une probl\u00e9matique particuli\u00e8re\u00a0<\/em><\/span><span style=\"color: #000000;\"><em style=\"text-align: center;\">et continue \u00e0 agir durant 21 jours<\/em><\/span><\/strong><\/h3>\n<h3 class=\"bookman\" style=\"text-align: center;\"><span style=\"color: #000000;\"><em style=\"text-align: center;\"><br \/><\/em><strong><em style=\"text-align: center;\">Reiji Ho\u00a0(s\u00e9ance intuitive)<\/em><\/strong><\/span><\/h3>\n<h4 class=\"bookman\" style=\"text-align: center;\"><strong><span style=\"color: #000000;\"><em>Ce protocole est suivi<br \/>d&rsquo;un certain nombre de s\u00e9ances \u00e0 distance<br \/>(compris dans le protocole)<\/em><\/span><\/strong><\/h4>\n<h3 class=\"bookman\" style=\"text-align: center;\">\u00a0<\/h3>\n<p style=\"text-align: center;\">\u00a0<\/p>\n\n\n<p><\/p>\n","protected":false},"excerpt":{"rendered":"<p>Reiki Partage Jeudi 28 Mai 2026 \u00e0 18h Ouvert \u00e0 toute personne initi\u00e9e au ReikiGratuitmerci de confirmer votre venue contact : veronique.nicol@reflexoki.com Reiki REI : universel, essence&#8230; KI : \u00e9nergie de la force de vie Energie universelle de vie Le Reiki est la mise ou la remise en contact de \u00ab\u00a0l&rsquo;\u00e9nergie universelle\u00a0\u00bb et de votre [&hellip;]<\/p>\n","protected":false},"author":1,"featured_media":0,"parent":0,"menu_order":0,"comment_status":"closed","ping_status":"closed","template":"","meta":{"footnotes":""},"class_list":["post-25","page","type-page","status-publish","hentry"],"aioseo_notices":[],"_links":{"self":[{"href":"https:\/\/www.reflexoki.com\/index.php\/wp-json\/wp\/v2\/pages\/25","targetHints":{"allow":["GET"]}}],"collection":[{"href":"https:\/\/www.reflexoki.com\/index.php\/wp-json\/wp\/v2\/pages"}],"about":[{"href":"https:\/\/www.reflexoki.com\/index.php\/wp-json\/wp\/v2\/types\/page"}],"author":[{"embeddable":true,"href":"https:\/\/www.reflexoki.com\/index.php\/wp-json\/wp\/v2\/users\/1"}],"replies":[{"embeddable":true,"href":"https:\/\/www.reflexoki.com\/index.php\/wp-json\/wp\/v2\/comments?post=25"}],"version-history":[{"count":85,"href":"https:\/\/www.reflexoki.com\/index.php\/wp-json\/wp\/v2\/pages\/25\/revisions"}],"predecessor-version":[{"id":2411,"href":"https:\/\/www.reflexoki.com\/index.php\/wp-json\/wp\/v2\/pages\/25\/revisions\/2411"}],"wp:attachment":[{"href":"https:\/\/www.reflexoki.com\/index.php\/wp-json\/wp\/v2\/media?parent=25"}],"curies":[{"name":"wp","href":"https:\/\/api.w.org\/{rel}","templated":true}]}}