{"id":23,"date":"2016-03-29T08:47:48","date_gmt":"2016-03-29T07:47:48","guid":{"rendered":"http:\/\/www.reflexoki.com\/?page_id=23"},"modified":"2023-12-13T17:28:27","modified_gmt":"2023-12-13T16:28:27","slug":"reflexologie","status":"publish","type":"page","link":"https:\/\/www.reflexoki.com\/index.php\/reflexologie\/","title":{"rendered":"R\u00e9flexologie"},"content":{"rendered":"<h2 class=\"lucida txt-38\" style=\"text-align: center;\">R\u00e9flexologie plantaire<\/h2>\n<h3 style=\"text-align: center;\"><span style=\"color: #800080;\"><strong><em>Les pieds r\u00e9v\u00e8lent notre \u00e9tat de sant\u00e9<\/em><\/strong><\/span><\/h3>\n<h3 style=\"text-align: center;\"><span style=\"color: #800080;\"><strong><em>ils sont le miroir de notre corps<\/em><\/strong><\/span><\/h3>\n<p class=\"bookman txt-noir txt-18\" style=\"text-align: center;\"><strong><em>\u00a0<\/em><\/strong><\/p>\n<h3 class=\"bookman txt-noir txt-18\" style=\"text-align: center;\"><strong><em>La R\u00e9flexologie part du principe que notre pied recouvre <\/em><\/strong><\/h3>\n<h3 class=\"bookman txt-noir txt-18\" style=\"text-align: center;\"><strong><em>des zones correspondant \u00e0 l\u2019ensemble des glandes,<\/em><\/strong><\/h3>\n<h3 class=\"bookman txt-noir txt-18\" style=\"text-align: center;\"><strong><em>des organes et de toutes les parties du corps<\/em><\/strong><\/h3>\n<p class=\"bookman txt-noir txt-18\" style=\"text-align: center;\"><strong><em>\u00a0<\/em><\/strong><\/p>\n<h3 class=\"bookman txt-noir txt-18\" style=\"text-align: center;\"><strong><em>C\u2019est une th\u00e9rapie manuelle qui localise les tensions<\/em><\/strong><\/h3>\n<h3 class=\"bookman txt-noir txt-18\" style=\"text-align: center;\"><strong><em>\u00a0et lib\u00e8re les facult\u00e9s d\u2019auto gu\u00e9rison<\/em><\/strong><\/h3>\n<p class=\"bookman txt-noir txt-18\" style=\"text-align: center;\"><strong><em>\u00a0<\/em><\/strong><\/p>\n<h3 class=\"bookman txt-noir txt-18\" style=\"text-align: center;\"><strong><em>Elle permet d\u2019obtenir un bien-\u00eatre<\/em><\/strong><\/h3>\n<h3 class=\"bookman txt-noir txt-18\" style=\"text-align: center;\"><strong><em>un \u00e9quilibre \u00e9nerg\u00e9tique<\/em><\/strong><\/h3>\n<h3 class=\"bookman txt-noir txt-18\" style=\"text-align: center;\"><strong><em>\u00a0et une profonde relaxation<\/em><\/strong><\/h3>\n<p style=\"text-align: center;\"><span style=\"color: #800080;\">D\u00e9ontologie :\u00a0<\/span><a href=\"https:\/\/www.reflexoki.com\/wp-content\/uploads\/2023\/03\/DEONTOLOGIE.pdf\"><span style=\"color: #800080;\">https:\/\/www.reflexoki.com\/wp-content\/uploads\/2023\/03\/DEONTOLOGIE.pdf<\/span><\/a><\/p>\n<p class=\"txt-noir\" style=\"text-align: center;\"><span style=\"color: #800080;\"><a style=\"color: #800080;\" href=\"http:\/\/france5.fr\/emissions\/l-oeil-et-la-main\/diffusions\/21-04-2014_230879\">http:\/\/france5.fr\/emissions\/l-oeil-et-la-main\/diffusions\/21-04-2014_230879<\/a> (LSF)<\/span><\/p>\n<p style=\"text-align: center;\"><span style=\"color: #800080;\"><a style=\"color: #800080;\" href=\"http:\/\/france2.fr\/emissions\/comment-ca-va-bien\/videos\/bien-etre_la_reflexologie_pour_soulager_le_corps_26-01-2016_1043284\">http:\/\/france2.fr\/emissions\/comment-ca-va-bien\/videos\/bien-etre_la_reflexologie_pour_soulager_le_corps_26-01-2016_1043284<\/a><\/span><\/p>\n<p><img loading=\"lazy\" decoding=\"async\" class=\"wp-image-327 size-full aligncenter\" src=\"https:\/\/www.reflexoki.com\/wp-content\/uploads\/2016\/04\/pieds-min.jpg\" alt=\"shema pieds\" width=\"700\" height=\"962\" srcset=\"https:\/\/www.reflexoki.com\/wp-content\/uploads\/2016\/04\/pieds-min.jpg 700w, https:\/\/www.reflexoki.com\/wp-content\/uploads\/2016\/04\/pieds-min-218x300.jpg 218w\" sizes=\"auto, (max-width: 700px) 100vw, 700px\" \/><\/p>\n\n\n<p><\/p>\n\n\n\n<p><\/p>\n\n\n\n<h2 class=\"wp-block-heading\"><em>Un peu d\u2019histoire<\/em>\u2026<\/h2>\n\n\n\n<p><em>La r\u00e9flexologie plantaire trouverait son origine chez les Incas, une tr\u00e8s vieille civilisation du P\u00e9rou, 12000 ans avant J.-C.<\/em><\/p>\n\n\n\n<p><em>On retrouve des traces de la r\u00e9flexologie en parall\u00e8le avec l&rsquo;acupuncture. 5000 ans avant J.-C. en Chine et en Inde. Les m\u00e9decins chinois avaient d\u00e9couvert qu&rsquo;une \u00e9nergie (appel\u00e9e Qi en chinois prononc\u00e9e tchi) circule dans le corps de fa\u00e7on permanente. Cette \u00e9nergie passe par des trajets pr\u00e9cis appel\u00e9s m\u00e9ridiens ou lignes d&rsquo;acupuncture. Il existe en effet un rapport \u00e9troit entre la r\u00e9flexologie et l&rsquo;acupuncture.<\/em><\/p>\n\n\n\n<figure class=\"wp-block-image\"><img decoding=\"async\" src=\"https:\/\/www.reflexoki.com\/wp-content\/uploads\/2016\/04\/image-4-min-300x140.jpg\" alt=\"image 4\" class=\"wp-image-107\"\/><\/figure>\n\n\n\n<figure class=\"wp-block-image\"><img decoding=\"async\" src=\"https:\/\/www.reflexoki.com\/wp-content\/uploads\/2016\/04\/image-3-min.jpg\" alt=\"image 3\" class=\"wp-image-108\"\/><\/figure>\n\n\n\n<p><em>Dans l\u2019Egypte ancienne, on a en retrouv\u00e9 un pictogramme vieux de plus de 2500 ans avant J-C dans une tombe d\u2019un m\u00e9decin \u00e9gyptien, nomm\u00e9 Ankamahor, reprenant les gestes de la r\u00e9flexologie plantaire et palmaire.<\/em><\/p>\n\n\n\n<p><em>La r\u00e9flexologie plantaire semblerait \u00eatre appliqu\u00e9e un peu partout dans le monde depuis le 16\u00e9me si\u00e8cle. Les civilisations orientales pratiquent depuis toujours cette m\u00e9decine pr\u00e9ventive. Plusieurs m\u00e9decins (Allemands, Russes, Italiens, Am\u00e9ricains) ont \u00e9crit sur le sujet. Au d\u00e9but du XX\u00e8me si\u00e8cle, la r\u00e9flexologie moderne occidentale a \u00e9t\u00e9 d\u00e9velopp\u00e9e par les docteurs William Fitzgerald et Shelby Risley. Eunice Ingham, kin\u00e9sith\u00e9rapeute am\u00e9ricaine, affina la technique et cr\u00e9a la premi\u00e8re \u00e9cole en r\u00e9flexologie<\/em><\/p>\n","protected":false},"excerpt":{"rendered":"<p>R\u00e9flexologie plantaire Les pieds r\u00e9v\u00e8lent notre \u00e9tat de sant\u00e9 ils sont le miroir de notre corps \u00a0 La R\u00e9flexologie part du principe que notre pied recouvre des zones correspondant \u00e0 l\u2019ensemble des glandes, des organes et de toutes les parties du corps \u00a0 C\u2019est une th\u00e9rapie manuelle qui localise les tensions \u00a0et lib\u00e8re les facult\u00e9s [&hellip;]<\/p>\n","protected":false},"author":1,"featured_media":0,"parent":0,"menu_order":0,"comment_status":"closed","ping_status":"closed","template":"","meta":{"footnotes":""},"class_list":["post-23","page","type-page","status-publish","hentry"],"aioseo_notices":[],"_links":{"self":[{"href":"https:\/\/www.reflexoki.com\/index.php\/wp-json\/wp\/v2\/pages\/23","targetHints":{"allow":["GET"]}}],"collection":[{"href":"https:\/\/www.reflexoki.com\/index.php\/wp-json\/wp\/v2\/pages"}],"about":[{"href":"https:\/\/www.reflexoki.com\/index.php\/wp-json\/wp\/v2\/types\/page"}],"author":[{"embeddable":true,"href":"https:\/\/www.reflexoki.com\/index.php\/wp-json\/wp\/v2\/users\/1"}],"replies":[{"embeddable":true,"href":"https:\/\/www.reflexoki.com\/index.php\/wp-json\/wp\/v2\/comments?post=23"}],"version-history":[{"count":27,"href":"https:\/\/www.reflexoki.com\/index.php\/wp-json\/wp\/v2\/pages\/23\/revisions"}],"predecessor-version":[{"id":1997,"href":"https:\/\/www.reflexoki.com\/index.php\/wp-json\/wp\/v2\/pages\/23\/revisions\/1997"}],"wp:attachment":[{"href":"https:\/\/www.reflexoki.com\/index.php\/wp-json\/wp\/v2\/media?parent=23"}],"curies":[{"name":"wp","href":"https:\/\/api.w.org\/{rel}","templated":true}]}}