{"id":221,"date":"2016-04-17T16:11:29","date_gmt":"2016-04-17T15:11:29","guid":{"rendered":"http:\/\/www.reflexoki.com\/?page_id=221"},"modified":"2022-08-17T15:51:36","modified_gmt":"2022-08-17T14:51:36","slug":"bon-cadeau","status":"publish","type":"page","link":"https:\/\/www.reflexoki.com\/index.php\/access-bars\/bon-cadeau\/","title":{"rendered":"Bon cadeau"},"content":{"rendered":"<p style=\"text-align: center;\"><strong class=\"bon-title txt-24\">Id\u00e9e Cadeau<\/strong><\/p>\n<p class=\"bon-grey txt-20\" style=\"text-align: center;\"><strong>Il y a toujours une occasion<br \/>\npour faire plaisir ou se faire plaisir<\/strong><\/p>\n<p class=\"bon-grey txt-20\" style=\"text-align: center;\"><strong><br \/>\nOffrez une s\u00e9ance d&rsquo;Access Bars<\/strong><\/p>\n<p><img loading=\"lazy\" decoding=\"async\" class=\" wp-image-953 aligncenter\" src=\"https:\/\/www.reflexoki.com\/wp-content\/uploads\/2020\/01\/verso-bon-kdo-300x134.jpg\" alt=\"\" width=\"483\" height=\"216\" srcset=\"https:\/\/www.reflexoki.com\/wp-content\/uploads\/2020\/01\/verso-bon-kdo-300x134.jpg 300w, https:\/\/www.reflexoki.com\/wp-content\/uploads\/2020\/01\/verso-bon-kdo-1024x456.jpg 1024w, https:\/\/www.reflexoki.com\/wp-content\/uploads\/2020\/01\/verso-bon-kdo-768x342.jpg 768w, https:\/\/www.reflexoki.com\/wp-content\/uploads\/2020\/01\/verso-bon-kdo-1536x684.jpg 1536w, https:\/\/www.reflexoki.com\/wp-content\/uploads\/2020\/01\/verso-bon-kdo.jpg 1654w\" sizes=\"auto, (max-width: 483px) 100vw, 483px\" \/><\/p>\n<p><img loading=\"lazy\" decoding=\"async\" class=\" wp-image-952 aligncenter\" src=\"https:\/\/www.reflexoki.com\/wp-content\/uploads\/2020\/01\/recto-bon-kdo-300x133.jpg\" alt=\"\" width=\"484\" height=\"214\" srcset=\"https:\/\/www.reflexoki.com\/wp-content\/uploads\/2020\/01\/recto-bon-kdo-300x133.jpg 300w, https:\/\/www.reflexoki.com\/wp-content\/uploads\/2020\/01\/recto-bon-kdo-1024x454.jpg 1024w, https:\/\/www.reflexoki.com\/wp-content\/uploads\/2020\/01\/recto-bon-kdo-768x340.jpg 768w, https:\/\/www.reflexoki.com\/wp-content\/uploads\/2020\/01\/recto-bon-kdo-1536x681.jpg 1536w, https:\/\/www.reflexoki.com\/wp-content\/uploads\/2020\/01\/recto-bon-kdo.jpg 1654w\" sizes=\"auto, (max-width: 484px) 100vw, 484px\" \/><\/p>\n<p class=\"bon-title txt-20\" style=\"text-align: center;\"><strong>Faites d\u00e9couvrir l&rsquo;Access Bars \u00e0 ceux que vous aimez, en leur offrant une s\u00e9ance,<br \/>\nsous forme de bon cadeau<br \/>\nLa personne prendra ensuite rendez-vous avec moi<br \/>\nquand elle le d\u00e9sire<\/strong><\/p>\n<p class=\"txt-24 bon-grey\" style=\"text-align: left;\">S\u00e9lection du bon cadeau :<\/p>\n<p class=\"bon-grey txt-20\" style=\"text-align: left;\">Envoyez par courrier ce document \u00e0 t\u00e9l\u00e9charger <a href=\"https:\/\/www.reflexoki.com\/wp-content\/uploads\/2022\/08\/BON-CADEAU-ACCESS-BARS.pdf\">en cliquant ici<\/a>\u00a0\u00e0 mon attention avec votre r\u00e8glement. Vous recevrez votre Bon cadeau en retour tr\u00e8s rapidement.<\/p>\n<p class=\"bon-grey txt-20\" style=\"text-align: left;\">N\u2019h\u00e9sitez pas \u00e0 me contacter au si vous souhaitez de plus amples renseignements.<\/p>\n","protected":false},"excerpt":{"rendered":"<p>Id\u00e9e Cadeau Il y a toujours une occasion pour faire plaisir ou se faire plaisir Offrez une s\u00e9ance d&rsquo;Access Bars Faites d\u00e9couvrir l&rsquo;Access Bars \u00e0 ceux que vous aimez, en leur offrant une s\u00e9ance, sous forme de bon cadeau La personne prendra ensuite rendez-vous avec moi quand elle le d\u00e9sire S\u00e9lection du bon cadeau : [&hellip;]<\/p>\n","protected":false},"author":1,"featured_media":0,"parent":27,"menu_order":0,"comment_status":"closed","ping_status":"closed","template":"","meta":{"footnotes":""},"class_list":["post-221","page","type-page","status-publish","hentry"],"aioseo_notices":[],"_links":{"self":[{"href":"https:\/\/www.reflexoki.com\/index.php\/wp-json\/wp\/v2\/pages\/221","targetHints":{"allow":["GET"]}}],"collection":[{"href":"https:\/\/www.reflexoki.com\/index.php\/wp-json\/wp\/v2\/pages"}],"about":[{"href":"https:\/\/www.reflexoki.com\/index.php\/wp-json\/wp\/v2\/types\/page"}],"author":[{"embeddable":true,"href":"https:\/\/www.reflexoki.com\/index.php\/wp-json\/wp\/v2\/users\/1"}],"replies":[{"embeddable":true,"href":"https:\/\/www.reflexoki.com\/index.php\/wp-json\/wp\/v2\/comments?post=221"}],"version-history":[{"count":40,"href":"https:\/\/www.reflexoki.com\/index.php\/wp-json\/wp\/v2\/pages\/221\/revisions"}],"predecessor-version":[{"id":1480,"href":"https:\/\/www.reflexoki.com\/index.php\/wp-json\/wp\/v2\/pages\/221\/revisions\/1480"}],"up":[{"embeddable":true,"href":"https:\/\/www.reflexoki.com\/index.php\/wp-json\/wp\/v2\/pages\/27"}],"wp:attachment":[{"href":"https:\/\/www.reflexoki.com\/index.php\/wp-json\/wp\/v2\/media?parent=221"}],"curies":[{"name":"wp","href":"https:\/\/api.w.org\/{rel}","templated":true}]}}