{"id":21,"date":"2016-03-29T08:47:36","date_gmt":"2016-03-29T07:47:36","guid":{"rendered":"http:\/\/www.reflexoki.com\/?page_id=21"},"modified":"2023-12-13T17:17:16","modified_gmt":"2023-12-13T16:17:16","slug":"accueil","status":"publish","type":"page","link":"https:\/\/www.reflexoki.com\/index.php\/accueil\/","title":{"rendered":"Accueil"},"content":{"rendered":"<div style=\"text-align: center;\">\n<h1 class=\"txt-38\"><img loading=\"lazy\" decoding=\"async\" class=\"wp-image-1087 size-medium alignleft\" src=\"https:\/\/www.reflexoki.com\/wp-content\/uploads\/2020\/07\/IMG_7518-225x300.jpg\" alt=\"\" width=\"225\" height=\"300\" srcset=\"https:\/\/www.reflexoki.com\/wp-content\/uploads\/2020\/07\/IMG_7518-225x300.jpg 225w, https:\/\/www.reflexoki.com\/wp-content\/uploads\/2020\/07\/IMG_7518-768x1024.jpg 768w, https:\/\/www.reflexoki.com\/wp-content\/uploads\/2020\/07\/IMG_7518-1152x1536.jpg 1152w, https:\/\/www.reflexoki.com\/wp-content\/uploads\/2020\/07\/IMG_7518-1536x2048.jpg 1536w, https:\/\/www.reflexoki.com\/wp-content\/uploads\/2020\/07\/IMG_7518-scaled.jpg 1920w\" sizes=\"auto, (max-width: 225px) 100vw, 225px\" \/><\/h1>\n<h1 class=\"txt-38\"><span style=\"color: #ffffff;\">S\u2019accorder une pause<\/span><\/h1>\n<h1><span style=\"color: #ffffff;\">Marcher vers l&rsquo;\u00e9quilibre du corps<\/span><\/h1>\n<h1><span style=\"color: #ffffff;\">Et le repos de l&rsquo;esprit<\/span><\/h1>\n<\/div>\n<div style=\"text-align: center;\">\n<h3><img loading=\"lazy\" decoding=\"async\" class=\"alignnone wp-image-1711 \" src=\"https:\/\/www.reflexoki.com\/wp-content\/uploads\/2023\/04\/page-bienvenue-300x225.jpg\" alt=\"\" width=\"355\" height=\"266\" srcset=\"https:\/\/www.reflexoki.com\/wp-content\/uploads\/2023\/04\/page-bienvenue-300x225.jpg 300w, https:\/\/www.reflexoki.com\/wp-content\/uploads\/2023\/04\/page-bienvenue-1024x768.jpg 1024w, https:\/\/www.reflexoki.com\/wp-content\/uploads\/2023\/04\/page-bienvenue-768x576.jpg 768w, https:\/\/www.reflexoki.com\/wp-content\/uploads\/2023\/04\/page-bienvenue-1536x1152.jpg 1536w, https:\/\/www.reflexoki.com\/wp-content\/uploads\/2023\/04\/page-bienvenue-2048x1536.jpg 2048w\" sizes=\"auto, (max-width: 355px) 100vw, 355px\" \/><\/h3>\n<h3><img loading=\"lazy\" decoding=\"async\" class=\"wp-image-1150  aligncenter\" src=\"https:\/\/www.reflexoki.com\/wp-content\/uploads\/2020\/10\/image-Vero3-226x300.jpg\" alt=\"\" width=\"154\" height=\"205\" srcset=\"https:\/\/www.reflexoki.com\/wp-content\/uploads\/2020\/10\/image-Vero3-226x300.jpg 226w, https:\/\/www.reflexoki.com\/wp-content\/uploads\/2020\/10\/image-Vero3.jpg 316w\" sizes=\"auto, (max-width: 154px) 100vw, 154px\" \/><\/h3>\n<\/div>\n<div style=\"text-align: center;\">\n<h1><\/h1>\n<h1><em><strong><span style=\"color: #800080;\">R\u00e9flexologie Plantaire<\/span><\/strong><\/em><\/h1>\n<h1 class=\"couleur-titre\"><em><strong><span style=\"color: #800080;\">Ma\u00eetre Reiki<br \/>\n<\/span><\/strong><\/em><\/h1>\n<h1 class=\"couleur-titre\"><em><strong><span style=\"color: #800080;\">Qi Nei Zang<\/span><\/strong><\/em><\/h1>\n<h1 class=\"couleur-titre\"><em><strong><span style=\"color: #800080;\">Sonoth\u00e9rapie<\/span><\/strong><\/em><\/h1>\n<h1 class=\"couleur-titre\"><em><strong><span style=\"color: #800080;\">Access Bars<\/span><\/strong><\/em><\/h1>\n<\/div>\n<p class=\"txt-11\" style=\"text-align: center;\"><span style=\"color: #ffffff;\"><strong><em>\u00ab\u00a0TOUT CE QUI NE S\u2019EXPRIME PAS S\u2019IMPRIME\u00a0\u00bb<\/em><\/strong><\/span><\/p>\n<p style=\"text-align: center;\">\n<p style=\"text-align: center;\"><i style=\"color: #ffffff; font-weight: bold;\">Je remercie Hillian MAIOLO, \u00e9tudiant \u00e0 SUPINFO Grenoble,<br \/>\nqui a\u00a0<\/i><span style=\"color: #ffffff;\"><span style=\"caret-color: #ffffff; font-weight: 600;\"><i>cr\u00e9\u00e9<\/i><\/span><\/span><i style=\"color: #ffffff; font-weight: bold;\">\u00a0ce site\u00a0<\/i><span style=\"color: #ffffff;\"><span style=\"caret-color: #ffffff;\"><b><i>avec<\/i><\/b><\/span><\/span><i style=\"color: #ffffff; font-weight: bold;\">\u00a0talent et m\u00e9thode,<br \/>\nme faisant\u00a0<\/i><span style=\"color: #ffffff;\"><span style=\"caret-color: #ffffff;\"><b><i>b\u00e9n\u00e9ficier<\/i><\/b><\/span><\/span><i style=\"color: #ffffff; font-weight: bold;\">\u00a0de ses pr\u00e9cieux conseils<\/i><\/p>\n<h3 style=\"text-align: center;\"><\/h3>\n<h3><\/h3>\n<h3><\/h3>\n<h3><\/h3>\n<h3 style=\"text-align: center;\"><span style=\"color: #000080;\"><em>Certifi\u00e9e dans les cinq disciplines<\/em><\/span><\/h3>\n<h4><\/h4>\n<h4 style=\"text-align: center;\"><span style=\"color: #800080;\"><em><strong>Reiki<\/strong><\/em><\/span><\/h4>\n<p style=\"text-align: center;\"><span class=\"txt-noir txt-12\"><em>certifi\u00e9e <strong>Ma\u00eetre Enseignante Reiki Usui Shiki Ryoho<\/strong>\u00a0<\/em><\/span><span class=\"txt-noir txt-12\"><em>\u00e0 Marseille<br \/>\n(Juillet 2019) par Nita MOCANU\u00a0<\/em><\/span><\/p>\n<p style=\"text-align: center;\"><span class=\"txt-noir txt-12\"><em>c<\/em><\/span><span class=\"txt-noir txt-12\"><em>ertifi\u00e9e <strong>Ma\u00eetre Enseignante au Reiki Karuna\u00ae<\/strong><br \/>\nniveau 1 &amp; 2, 3 &amp; 4\u00a0\u00e0 Grenoble par S. BOUTAMINE Effleurescence<\/em><\/span><\/p>\n<p style=\"text-align: center;\"><span class=\"txt-noir txt-12\"><em>Affili\u00e9e \u00e0 la LFRU (La F\u00e9d\u00e9ration de Reiki Usui)\u00a0<a class=\"bon-grey\" href=\"http:\/\/lafederationdereiki.org\">site web<\/a><\/em><\/span><\/p>\n<h4><\/h4>\n<h4 style=\"text-align: center;\"><span style=\"color: #800080;\"><strong><em>Sonoth\u00e9rapie<\/em><\/strong><\/span><\/h4>\n<p class=\"bookman txt-16\" style=\"text-align: center;\"><strong><em>http:\/\/sono-therapie.com\/sonotherapeutes\/sono\/veronique-nicol\/<\/em><\/strong><br \/>\n<em>(Centre Medson, Qc Canada &#8211; Emmanuel COMTE &#8211; ao\u00fbt 2017)\u00a0<a class=\"bon-grey\" href=\"http:\/\/sono-therapie.com\/sonotherapeutes\/sono\/409\/\">site web<\/a><br \/>\n<\/em><span class=\"txt-noir txt-12\"><em>certifi\u00e9e en Sonologie &#8211; Toucher par les Sons\u00ae\u00a0 &#8211; Sons &amp; Vibrations Th\u00e9rapeutiques<\/em><\/span><\/p>\n<h4><\/h4>\n<h4 class=\"bookman txt-16\" style=\"text-align: center;\"><span style=\"color: #800080;\"><em><strong>R\u00e9flexologie<\/strong><\/em><\/span><\/h4>\n<p class=\"bookman txt-16\" style=\"text-align: center;\"><em>Affili\u00e9e \u00e0 la FFPER<br \/>\n(F\u00e9d\u00e9ration Francophone des professionnels de r\u00e9flexologie) <a class=\"bon-grey\" href=\"http:\/\/ffper.org\">site web<\/a><\/em><\/p>\n<p class=\"bookman txt-16\" style=\"text-align: center;\"><span class=\"txt-noir txt-12\"><em>certifi\u00e9e en <strong>R\u00e9flexologie<\/strong> par Josiane VERNIER , Seyssinet &#8211; janvier 2016<\/em><\/span><\/p>\n<h4><\/h4>\n<h4 class=\"bookman txt-16\" style=\"text-align: center;\"><span style=\"color: #800080;\"><strong><em>\u00a0<\/em><\/strong><\/span><em><span style=\"color: #800080;\"><strong>Access Bars<\/strong><\/span><\/em><\/h4>\n<p class=\"bookman txt-12\" style=\"text-align: center;\"><span class=\"txt-noir txt-12\"><em>certifi\u00e9e par Monique PALICOT, Facilitatrice d\u2019Access Bars \u00e0 Grenoble<br \/>\n(octobre 2015)<\/em><\/span><\/p>\n<p class=\"bookman txt-16\" style=\"text-align: center;\"><i>C\u2019est au travers de belles rencontres que j\u2019ai pu d\u00e9couvrir ces disciplines<\/i><br \/>\n<i>Je remercie \u00a0 Nita, Josiane, Emmanuel, Monique, Sandrine<br \/>\n<\/i><i>et toutes les personnes<br \/>\n<\/i><i>qui m&rsquo;inspirent et qui m&rsquo;ont inspir\u00e9es sur mon chemin de vie<\/i><\/p>\n<p><i><br \/>\n<\/i><i><\/i><\/p>\n<h4 class=\"bookman txt-16\" style=\"text-align: center;\"><span style=\"color: #800080;\"><span style=\"caret-color: #800080;\"><i>Qi Nei Zang<\/i><\/span><\/span><\/h4>\n<p class=\"bookman txt-12\" style=\"text-align: center;\"><span class=\"txt-noir txt-12\"><em>certifi\u00e9e par Kim Lan TOFFIN \u00e0 Grenoble<br \/>\n(D\u00e9cembre 2022)<\/em><\/span><\/p>\n<p class=\"bookman txt-16\" style=\"text-align: center;\"><i>C\u2019est au travers de belles rencontres que j\u2019ai pu d\u00e9couvrir ces disciplines<\/i><br \/>\n<i>Je remercie \u00a0 Nita, Josiane, Emmanuel, Monique, Sandrine, Kim<br \/>\n<\/i><i>et toutes les personnes<br \/>\n<\/i><i>qui m&rsquo;inspirent et qui m&rsquo;ont inspir\u00e9es sur mon chemin de vie<\/i><\/p>\n<p class=\"bookman txt-16\" style=\"text-align: center;\"><i>\u00a0<\/i><\/p>\n<h2><\/h2>\n<h2><\/h2>\n<h2 class=\"bookman\" style=\"text-align: center;\"><span style=\"color: #000080;\"><em><strong>Les soins \u00e9nerg\u00e9tiques ne substituent,<\/strong><\/em><\/span><\/h2>\n<h2 class=\"bookman\" style=\"text-align: center;\"><span style=\"color: #000080;\"><em><strong>\u00a0en aucun cas, <\/strong><\/em><\/span><\/h2>\n<h2 class=\"bookman\" style=\"text-align: center;\"><span style=\"color: #000080;\"><em><strong>\u00e0 votre traitement m\u00e9dical<\/strong><\/em><\/span><\/h2>\n<h2 class=\"bookman\" style=\"text-align: center;\"><span style=\"color: #000080;\"><em><strong>ou \u00e0 l\u2019avis de votre m\u00e9decin<\/strong><\/em><\/span><\/h2>\n<p class=\"bookman txt-12\"><em>Prise en charge<\/em><\/p>\n<p class=\"bookman txt-noir txt-11 justifier\"><strong><em>Les soins \u00e9nerg\u00e9tiques R\u00e9flexologie, Reiki, Qi Nei Zang, Sonoth\u00e9rapie, Access Bars, en g\u00e9n\u00e9ral sont tr\u00e8s largement pratiqu\u00e9s dans de nombreux pays (Allemagne, Pays-Bas, Grande-Bretagne, Irlande, Norv\u00e8ge, Su\u00e8de, Danemark). Ils y sont parfois consid\u00e9r\u00e9s comme des th\u00e9rapies \u00e0 part enti\u00e8re. En France, certaines mutuelles prennent en charge une partie des consultations, AMAVIE, AFF Allianz, Myriade, Mfif, AFG allianz, \u2026. Rapprochez-vous de votre mutuelle pour conna\u00eetre les modalit\u00e9s de prise en charge des soins en R\u00e9flexologie, Reiki ou Access Bars<\/em><\/strong><\/p>\n","protected":false},"excerpt":{"rendered":"<p>S\u2019accorder une pause Marcher vers l&rsquo;\u00e9quilibre du corps Et le repos de l&rsquo;esprit R\u00e9flexologie Plantaire Ma\u00eetre Reiki Qi Nei Zang Sonoth\u00e9rapie Access Bars \u00ab\u00a0TOUT CE QUI NE S\u2019EXPRIME PAS S\u2019IMPRIME\u00a0\u00bb Je remercie Hillian MAIOLO, \u00e9tudiant \u00e0 SUPINFO Grenoble, qui a\u00a0cr\u00e9\u00e9\u00a0ce site\u00a0avec\u00a0talent et m\u00e9thode, me faisant\u00a0b\u00e9n\u00e9ficier\u00a0de ses pr\u00e9cieux conseils Certifi\u00e9e dans les cinq disciplines Reiki certifi\u00e9e [&hellip;]<\/p>\n","protected":false},"author":1,"featured_media":0,"parent":0,"menu_order":0,"comment_status":"closed","ping_status":"closed","template":"","meta":{"footnotes":""},"class_list":["post-21","page","type-page","status-publish","hentry"],"aioseo_notices":[],"_links":{"self":[{"href":"https:\/\/www.reflexoki.com\/index.php\/wp-json\/wp\/v2\/pages\/21","targetHints":{"allow":["GET"]}}],"collection":[{"href":"https:\/\/www.reflexoki.com\/index.php\/wp-json\/wp\/v2\/pages"}],"about":[{"href":"https:\/\/www.reflexoki.com\/index.php\/wp-json\/wp\/v2\/types\/page"}],"author":[{"embeddable":true,"href":"https:\/\/www.reflexoki.com\/index.php\/wp-json\/wp\/v2\/users\/1"}],"replies":[{"embeddable":true,"href":"https:\/\/www.reflexoki.com\/index.php\/wp-json\/wp\/v2\/comments?post=21"}],"version-history":[{"count":114,"href":"https:\/\/www.reflexoki.com\/index.php\/wp-json\/wp\/v2\/pages\/21\/revisions"}],"predecessor-version":[{"id":1979,"href":"https:\/\/www.reflexoki.com\/index.php\/wp-json\/wp\/v2\/pages\/21\/revisions\/1979"}],"wp:attachment":[{"href":"https:\/\/www.reflexoki.com\/index.php\/wp-json\/wp\/v2\/media?parent=21"}],"curies":[{"name":"wp","href":"https:\/\/api.w.org\/{rel}","templated":true}]}}