{"id":1732,"date":"2023-04-22T15:22:57","date_gmt":"2023-04-22T14:22:57","guid":{"rendered":"https:\/\/www.reflexoki.com\/?page_id=1732"},"modified":"2024-11-20T16:42:48","modified_gmt":"2024-11-20T15:42:48","slug":"seance","status":"publish","type":"page","link":"https:\/\/www.reflexoki.com\/index.php\/qi-nei-zang\/seance\/","title":{"rendered":"S\u00e9ance"},"content":{"rendered":"<p>\u00a0<\/p>\n<p style=\"text-align: center;\"><span style=\"color: #ffffff;\"><strong><em class=\"lucida txt-28\">D\u00e9roulement d\u2019une s\u00e9ance<\/em><\/strong><\/span><\/p>\n<p style=\"text-align: center;\"><span style=\"color: #ffffff;\"><strong><em class=\"lucida txt-24\">Pr\u00e9voir entre 1h30 et 2h00<\/em><\/strong><\/span><\/p>\n<p style=\"padding-left: 80px;\"><span style=\"color: #000000;\"><strong><em>\u00a0 \u00a0 \u00a0 \u00a0 \u00a0 \u00a0 \u00a0 \u00a0 \u00a0 \u00a0 \u00a0 \u00a0 \u00a0 \u00a0 \u00a0 \u00a0 \u00a0 \u00a0 \u00a0 \u00a0 \u00a0 \u00a0 \u00a0 \u00a0 \u00a0 \u00a0 \u00a0 \u00a0 \u00a0 \u00a0 \u00a0 \u00a0 \u00a0 \u00a0 \u00a0 \u00a0 \u00a0 \u00a0 \u00a0 \u00a0 \u00a0 \u00a0 \u00a0 \u00a0 \u00a0 \u00a0 \u00a0 \u00a0 \u00a0\u00a0 <br \/><\/em><\/strong><\/span><\/p>\n<p>\u00a0<\/p>\n<p class=\"bookman txt-noir txt-16 justifier\">\u00a0<\/p>\n<p style=\"text-align: center;\"><strong><em>Avant une s\u00e9ance de Qi Nei Zang,<br \/>il est important d&rsquo;avoir mang\u00e9 au moins 1 \u00e0 2 heures avant de venir<br \/><\/em><\/strong><\/p>\n<p style=\"text-align: center;\"><strong><em>Vous venez en tenue souple et confortable<br \/>La s\u00e9ance d\u00e9bute par un entretien afin d&rsquo;\u00e9valuer votre \u00e9tat de sant\u00e9 et vos ant\u00e9c\u00e9dents<br \/><\/em><\/strong><\/p>\n<p>\u00a0<\/p>\n<p>L\u2019ensemble des techniques de massage travaillent sur les organes, sur leurs zones r\u00e9flexes et sur certains points d\u2019acupunctures.<\/p>\n<p>Le Chi Nei Tsang se re\u00e7oit en tenue souple et confortable. La s\u00e9ance d\u00e9bute par un court entretien pour \u00e9voquer un \u00e9tat g\u00e9n\u00e9ral de votre sant\u00e9 et de vos ant\u00e9c\u00e9dents. Le soin d\u00e9bute par un \u00ab toucher global \u00bb pour prendre contact avec l\u2019ensemble du corps et le relaxer, avant de travailler plus sp\u00e9cifiquement sur le diaphragme et l\u2019abdomen.<br \/>Un touch\u00e9 sp\u00e9cifique d\u2019harmonisation, de d\u00e9toxification, de d\u00e9contraction, de mobilisation, ouverture des portes des vents et une revitalisation des organes et des \u00e9nergies du corps.<\/p>\n<p>La s\u00e9ance est accompagn\u00e9e d\u2019une m\u00e9ditation.<\/p>\n<p>Le soin complet dure 60 minutes.<\/p>\n<p>Pour accompagner le processus, j\u2019invite la personne \u00e0 \u00eatre actrice de son mieux-\u00eatre par une respiration consciente et la pratique des \u00ab six sons de gu\u00e9rison \u00bb. Ces six types d\u2019expirations (telles que \u00ab sssss \u00bb, comme le serpent qui siffle, ou \u00ab schhhhh \u00bb, comme pour faire silence) poss\u00e8dent un potentiel vibratoire qui participe du nettoyage des organes. On ne cherche pas \u00e0 r\u00e9parer, mais \u00e0 se placer dans une \u00e9coute, \u00e0 amener la conscience dans les zones du corps en souffrance. La respiration abdominale permettra d\u2019entrer en contact de mani\u00e8re plus lucide avec ses entrailles et ses entraves. Une porte vers l\u2019\u00e9nergie de gu\u00e9rison contenue, disponible, en chacun.<\/p>\n<p>Apr\u00e8s une s\u00e9ance, il est conseill\u00e9 de boire au moins un litre d\u2019eau pour que toutes les toxines qui ont \u00e9t\u00e9 d\u00e9tach\u00e9es de la paroi intestinale par le massage soient \u00e9limin\u00e9es.<\/p>\n<p>\u00a0<\/p>\n<p>En Un Mot, Ce Massage Vise \u00c0 Am\u00e9liorer Votre Niveau De Sant\u00e9 Global.\u00a0\u00a0<\/p>\n<p>A retrouver Le sourire int\u00e9rieur<\/p>\n<p>\u00a0<\/p>\n<p class=\"bookman txt-noir txt-16 justifier\"><span style=\"color: #000000;\"><strong><em>Un entretien pr\u00e9c\u00e8de la s\u00e9ance pour faire le point sur vos attentes et sur le d\u00e9roulement de la s\u00e9ance. <\/em><\/strong><\/span><\/p>\n<p class=\"bookman txt-noir txt-16 justifier\"><span style=\"color: #000000;\"><strong><em>Vous \u00eates confortablement install\u00e9, habill\u00e9(e) en tenue d\u00e9contract\u00e9e, en position allong\u00e9e sur une table de massage en \u00f4tant simplement vos chaussures, ceinture, lunettes et bijoux et laissant votre ventre accessible.<\/em><\/strong><\/span><\/p>\n<p class=\"bookman txt-noir txt-16 justifier\"><span style=\"color: #000000;\"><strong><em>Le praticien Qi Nei Zang\u00a0\u00a0\u00a0\u00a0\u00a0\u00a0\u00a0\u00a0\u00a0\u00a0\u00a0\u00a0\u00a0\u00a0\u00a0\u00a0\u00a0\u00a0\u00a0\u00a0\u00a0\u00a0\u00a0\u00a0\u00a0\u00a0 <br \/><\/em><\/strong><\/span><\/p>\n<p class=\"bookman txt-noir txt-16 justifier\"><span style=\"color: #000000;\"><strong><em>Des interventions sont requises de la part de celui qui re\u00e7oit une s\u00e9ance de Qi Nei Zang, tels mouvements respiratoires pr\u00e9cis, des sons. Vous pouvez vous laisser aller, sereinement tout au long de la s\u00e9ance.<\/em><\/strong><\/span><\/p>\n<p class=\"bookman txt-noir txt-16 justifier\"><span style=\"color: #000000;\"><strong><em>La s\u00e9ance de Qi Nei Zang permet de r\u00e9\u00e9quilibrer ses \u00e9nergies et d\u00e9tendre le corps et l\u2019esprit, optimiser son \u00e9nergie naturelle au quotidien, conserver un \u00e9quilibre psychique et physique et lutter contre le stress et les blocages \u00e9motionnels. Elle accompagne \u00e9galement les douleurs physiques et les souffrances psychiques.<\/em><\/strong><\/span><\/p>\n<p class=\"bookman txt-noir txt-16 justifier\"><span style=\"color: #000000;\"><strong><em>En fin de s\u00e9ance, vous prendrez le temps de revenir \u00e0 vous, au calme. Vous pourrez \u00e9changer sur vos ressentis si besoin.<\/em><\/strong><\/span><\/p>\n<p style=\"text-align: center;\">\u00a0<\/p>\n\n\n<p><\/p>\n","protected":false},"excerpt":{"rendered":"<p>\u00a0 D\u00e9roulement d\u2019une s\u00e9ance Pr\u00e9voir entre 1h30 et 2h00 \u00a0 \u00a0 \u00a0 \u00a0 \u00a0 \u00a0 \u00a0 \u00a0 \u00a0 \u00a0 \u00a0 \u00a0 \u00a0 \u00a0 \u00a0 \u00a0 \u00a0 \u00a0 \u00a0 \u00a0 \u00a0 \u00a0 \u00a0 \u00a0 \u00a0 \u00a0 \u00a0 \u00a0 \u00a0 \u00a0 \u00a0 \u00a0 \u00a0 \u00a0 \u00a0 \u00a0 \u00a0 \u00a0 \u00a0 \u00a0 \u00a0 \u00a0 \u00a0 \u00a0 \u00a0 \u00a0 [&hellip;]<\/p>\n","protected":false},"author":4,"featured_media":0,"parent":1714,"menu_order":0,"comment_status":"closed","ping_status":"closed","template":"","meta":{"footnotes":""},"class_list":["post-1732","page","type-page","status-publish","hentry"],"aioseo_notices":[],"_links":{"self":[{"href":"https:\/\/www.reflexoki.com\/index.php\/wp-json\/wp\/v2\/pages\/1732","targetHints":{"allow":["GET"]}}],"collection":[{"href":"https:\/\/www.reflexoki.com\/index.php\/wp-json\/wp\/v2\/pages"}],"about":[{"href":"https:\/\/www.reflexoki.com\/index.php\/wp-json\/wp\/v2\/types\/page"}],"author":[{"embeddable":true,"href":"https:\/\/www.reflexoki.com\/index.php\/wp-json\/wp\/v2\/users\/4"}],"replies":[{"embeddable":true,"href":"https:\/\/www.reflexoki.com\/index.php\/wp-json\/wp\/v2\/comments?post=1732"}],"version-history":[{"count":13,"href":"https:\/\/www.reflexoki.com\/index.php\/wp-json\/wp\/v2\/pages\/1732\/revisions"}],"predecessor-version":[{"id":1838,"href":"https:\/\/www.reflexoki.com\/index.php\/wp-json\/wp\/v2\/pages\/1732\/revisions\/1838"}],"up":[{"embeddable":true,"href":"https:\/\/www.reflexoki.com\/index.php\/wp-json\/wp\/v2\/pages\/1714"}],"wp:attachment":[{"href":"https:\/\/www.reflexoki.com\/index.php\/wp-json\/wp\/v2\/media?parent=1732"}],"curies":[{"name":"wp","href":"https:\/\/api.w.org\/{rel}","templated":true}]}}