{"id":1714,"date":"2023-04-08T14:22:44","date_gmt":"2023-04-08T13:22:44","guid":{"rendered":"https:\/\/www.reflexoki.com\/?page_id=1714"},"modified":"2023-12-25T15:31:58","modified_gmt":"2023-12-25T14:31:58","slug":"qi-nei-zang","status":"publish","type":"page","link":"https:\/\/www.reflexoki.com\/index.php\/qi-nei-zang\/","title":{"rendered":"Qi Nei Zang"},"content":{"rendered":"<h2 class=\"lucida\" style=\"text-align: center;\"><strong><em><br \/><img loading=\"lazy\" decoding=\"async\" class=\"alignnone size-medium wp-image-1726\" src=\"https:\/\/www.reflexoki.com\/wp-content\/uploads\/2023\/04\/WhatsApp-Image-2022-12-10-at-19.03.32-1-135x300.jpg\" alt=\"\" width=\"135\" height=\"300\" srcset=\"https:\/\/www.reflexoki.com\/wp-content\/uploads\/2023\/04\/WhatsApp-Image-2022-12-10-at-19.03.32-1-135x300.jpg 135w, https:\/\/www.reflexoki.com\/wp-content\/uploads\/2023\/04\/WhatsApp-Image-2022-12-10-at-19.03.32-1-461x1024.jpg 461w, https:\/\/www.reflexoki.com\/wp-content\/uploads\/2023\/04\/WhatsApp-Image-2022-12-10-at-19.03.32-1-768x1708.jpg 768w, https:\/\/www.reflexoki.com\/wp-content\/uploads\/2023\/04\/WhatsApp-Image-2022-12-10-at-19.03.32-1-691x1536.jpg 691w, https:\/\/www.reflexoki.com\/wp-content\/uploads\/2023\/04\/WhatsApp-Image-2022-12-10-at-19.03.32-1.jpg 921w\" sizes=\"auto, (max-width: 135px) 100vw, 135px\" \/> \u00a0\u00a0\u00a0\u00a0\u00a0\u00a0\u00a0\u00a0\u00a0\u00a0\u00a0\u00a0\u00a0\u00a0\u00a0\u00a0\u00a0\u00a0\u00a0\u00a0\u00a0\u00a0\u00a0 <img loading=\"lazy\" decoding=\"async\" class=\"alignnone size-medium wp-image-1724\" src=\"https:\/\/www.reflexoki.com\/wp-content\/uploads\/2023\/04\/ventre-300x169.jpg\" alt=\"\" width=\"300\" height=\"169\" srcset=\"https:\/\/www.reflexoki.com\/wp-content\/uploads\/2023\/04\/ventre-300x169.jpg 300w, https:\/\/www.reflexoki.com\/wp-content\/uploads\/2023\/04\/ventre.jpg 418w\" sizes=\"auto, (max-width: 300px) 100vw, 300px\" \/><br \/><\/em><\/strong><\/h2>\n<h1 class=\"lucida\" style=\"text-align: center;\"><span style=\"color: #ffffff;\"><em>QI NEI ZANG<\/em><\/span><\/h1>\n<p style=\"text-align: center;\"><strong><em class=\"bookman txt-noir txt-20\">Le Qi Nei Zang<br \/>est une m\u00e9thode qui permet d\u2019\u00e9liminer les toxines,<br \/>les \u00e9motions n\u00e9gatives<br \/>et les blocages \u00e9nerg\u00e9tiques des organes internes<\/em><\/strong><\/p>\n<p>&gt;<\/p>\n<p style=\"text-align: center;\"><strong><em class=\"bookman txt-noir txt-20\">Le Qi Nei Zang<br \/>\u00ab massage \u00e9nerg\u00e9tique des organes internes \u00bb<br \/><\/em><\/strong><\/p>\n<p style=\"text-align: center;\"><strong><em class=\"txt-16 txt-violet\">\u00ab Le ventre est une zone essentielle au maintien de la bonne sant\u00e9 g\u00e9n\u00e9rale<br \/>Il est \u00e9galement consid\u00e9r\u00e9 comme le \u00ab\u00a0deuxi\u00e8me cerveau\u00a0\u00bb,<br \/>si\u00e8ge de nombreuses tensions \u00e9motionnelles,<br \/>physiologiques ou psychologiques\u00a0\u00bb<\/em><\/strong><\/p>\n<p><strong><em class=\"bookman txt-noir txt-20\">Les diff\u00e9rentes techniques sp\u00e9cifiques de ce massage sont issues de la m\u00e9decine traditionnelle chinoise taoiste<\/em><\/strong><\/p>\n<p style=\"text-align: center;\"><em class=\"txt-16 txt-violet\">Le Ma\u00eetre spirituel tao\u00efste Mantak CHIA est l&rsquo;instigateur de cette m\u00e9thode<\/em><\/p>\n<p style=\"text-align: justify;\"><strong><em class=\"bookman txt-noir txt-20\">Le Qi Nei Zang est une m\u00e9thode qui permet de lib\u00e9rer les \u00e9nergies n\u00e9gatives dans le corps et d&rsquo;harmoniser nos \u00e9motions. C&rsquo;est un massage \u00e9nerg\u00e9tique effectu\u00e9 sur les organes internes (intestins, foie, poumons, rate, estomac, pancr\u00e9as&#8230;). C&rsquo;est une m\u00e9thode holistique travaillant sur 3 plans : physique pour d\u00e9toxifier les organes, \u00e9nerg\u00e9tiques (sur l&rsquo;\u00e9nergie des organes) et psycho-\u00e9motionnel pour \u00e9liminer toutes tensions.<\/em><\/strong><\/p>\n<p style=\"text-align: center;\"><strong><em class=\"bookman txt-noir txt-20\">Le massage du ventre permet d&rsquo;agir sur les diff\u00e9rentes tensions accumul\u00e9es<br \/>dans les syst\u00e8mes du corps afin de d\u00e9toxifier l&rsquo;organisme<br \/>et de ramener l&rsquo;hom\u00e9ostasie tant au niveau physique qu&rsquo;\u00e9motionnel.<\/em><\/strong><\/p>\n<h2><strong><br \/>Comment le Qi Nei Zang agit il :<\/strong><\/h2>\n<h3 style=\"text-align: center;\"><em><strong>Le ventre, selon les croyances tao\u00efste est le si\u00e8ge de nos \u00e9motions<br \/>Il repr\u00e9sente aujourd&rsquo;hui le \u00ab\u00a02\u00e8me cerveau\u00a0\u00bb<\/strong><\/em><\/h3>\n<p><strong><em class=\"bookman txt-noir txt-20\">Ces \u00e9motions sont r\u00e9parties dans les diff\u00e9rents organes de l\u2019abdomen :<\/em><\/strong><\/p>\n<p style=\"text-align: left;\"><strong><em class=\"txt-20 txt-violet\">\u2022 le Coeur : l&rsquo;amertume, La joie, le stress, <\/em><\/strong><\/p>\n<p style=\"text-align: left;\"><strong><em class=\"txt-20 txt-violet\">\u2022 les poumons : la d\u00e9pression et la tristesse La tristesse<\/em><\/strong><\/p>\n<p style=\"text-align: left;\"><strong><em class=\"txt-20 txt-violet\">\u2022 la rate , le pancr\u00e9as et l&rsquo;estomac\u00a0 : anxi\u00e9t\u00e9, soucis, inqui\u00e9tude se logent dans la rate, le pancr\u00e9as et l\u2019estomac.<\/em><\/strong><\/p>\n<p style=\"text-align: left;\"><strong><em class=\"txt-20 txt-violet\">\u2022 le Foie : La col\u00e8re, la jalousie, la frustration<\/em><\/strong><\/p>\n<p style=\"text-align: left;\"><strong><em class=\"txt-20 txt-violet\">\u2022 les Reins : Les peurs, les craintes, les traumatismes<\/em><\/strong><\/p>\n<p><strong><em class=\"bookman txt-noir txt-20\">Pour lib\u00e9rer les tensions physiques et \u00e9motionnelles, il faut donc agir sur les organes internes : le foie, la rate, le pancr\u00e9as, l\u2019estomac, le c\u0153ur et l\u2019intestin.<\/em><\/strong><\/p>\n<p><span style=\"color: #800080;\"><strong>On sait aujourd\u2019hui que le syst\u00e8me nerveux ent\u00e9rique (c\u2019est \u00e0 dire du tube digestif) est compos\u00e9 de plus de 200 millions de neurones qui communiquent avec le cerveau par l\u2019interm\u00e9diaire du nerf vague.<\/strong><\/span><\/p>\n<p><strong><em class=\"bookman txt-noir txt-20\"><br \/>Par un toucher doux et profond, le praticien de Qi Nei Zang va aider les organes internes \u00e0 travailler plus efficacement. Rappelons qu\u2019en m\u00e9decine traditionnelle chinoise l\u2019intestin est l\u2019organe responsable de ce qui doit \u00eatre stock\u00e9 et ce qui peut \u00eatre rejet\u00e9 : Nourriture, pens\u00e9es, \u00e9motions, stress, mauvaise alimentation, chocs \u00e9motionnels\u2026 <br \/><\/em><\/strong><\/p>\n<p>Le praticien cherche \u00e0 dissoudre les \u00ab n\u0153uds \u00bb et favoriser une bonne circulation lymphatique et circulatoire. Il travaille sur les organes de la respiration, de la digestion et de l\u2019\u00e9limination pour lib\u00e9rer les blocages qui s\u2019y logent et entravent leur bon fonctionnement. Lors d\u2019une s\u00e9ance de Chi Nei Tsang, le praticien va s\u2019appliquer \u00e0 lib\u00e9rer ces \u00e9nergies n\u00e9gatives, mais aussi et surtout \u00e0 pratiquer un \u00ab r\u00e9\u00e9quilibrage \u00bb et \u00ab r\u00e9 harmoniser \u00bb les \u00e9motions.<\/p>\n<p>Les techniques manuelles du Chi Nei Tsang consiste en une s\u00e9rie de mouvements l\u00e9gers et profonds avec diff\u00e9rents types de gestes principalement sur la r\u00e9gion de l\u2019abdomen et du diaphragme, en collaboration \u00e9troite avec le receveur qui sera invit\u00e9 \u00e0 respirer, \u00e0 visualiser et \u00e0 produire des sons \u00ab de gu\u00e9rison \u00bb pour accompagner le travail du praticien.<\/p>\n<p>Les Bienfaits\u00a0:<\/p>\n<p>Le fait d\u2019accumuler des \u00e9motions qui ne nous satisfont pas telles que la peur, la col\u00e8re, l\u2019anxi\u00e9t\u00e9, la tristesse ou le d\u00e9couragement engendrent des obstructions \u00e9nerg\u00e9tiques tr\u00e8s dommageables pour la sant\u00e9. Le m\u00eame pr\u00e9judice peut \u00eatre provoqu\u00e9 par des interventions<br \/>chirurgicales, des accidents physiques, la prise de drogue ou de certains m\u00e9dicaments, le stress d\u00fb \u00e0 une surcharge permanente de travail, un choc affectif soudain ou brutal, une alimentation m\u00e9diocre, ou bien se tenir habituellement dans une posture qui n\u2019est pas notre<br \/>axe vertical.<\/p>\n<p>Le Qi Nei Zang :<br \/>permet de vous redonner acc\u00e8s \u00e0 votre<br \/>\u2756 Capacit\u00e9 respiratoire,<br \/>\u2756 Soulage les douleurs menstruelles<br \/>\u2756 D\u00e9charge les organes des \u00e9motions qui les encombrent et leur apporte de l\u2019\u00e9nergie qui les nourrit, assouplit, d\u00e9tend, lib\u00e8re des tensions et des toxines.<br \/>\u2756 D\u00e9fait doucement les blocages dans tout le corps<br \/>\u2756 Lib\u00e8re les \u00e9nergies n\u00e9gatives<br \/>\u2756 Favorise la circulation Chi ou Qi dans les organes et les m\u00e9ridiens<br \/>\u2756 Assouplit les tensions dans les fascias<br \/>\u2756 Am\u00e9liore la circulation sanguine et lymphatique<br \/>\u2756 Facilite la coordination des mouvements du corps<br \/>\u2756 Aide \u00e0 calmer le syst\u00e8me nerveux et \u00e0 harmoniser les \u00e9motions<br \/>\u2756 Il am\u00e9liore la digestion, r\u00e9duit la constipation et les ballonnements<br \/>\u2756 Il am\u00e9liore les douleurs dorsales et musculaires<br \/>\u2756 D\u00e9velopper une conscience de soi<br \/>\u2756 Stimuler et renforcer votre organisme<br \/>\u2756 Lutter contre les insomnies et retrouver un sommeil de qualit\u00e9\u00a0<\/p>\n<p>Ainsi chaque organe peut remplir ses fonctions.<\/p>\n<p><strong>Appliqu\u00e9e \u00e0 la physiologie, la Th\u00e9orie des cinq \u00c9l\u00e9ments associe un Mouvement \u00e0 chaque Organe, en accord avec sa fonction principale :<\/strong><\/p>\n<p>.<\/p>\n<h3 class=\"bookman\" style=\"text-align: center;\"><strong><em><span style=\"color: #000000;\">\u00a0<\/span><\/em><\/strong><\/h3>\n<h3 class=\"bookman\" style=\"text-align: center;\"><strong><span style=\"color: #000000;\"><em style=\"text-align: center;\"><br \/><\/em><\/span><br \/><\/strong><\/h3>\n<h3 class=\"bookman\" style=\"text-align: center;\"><span style=\"color: #000000;\"><em style=\"text-align: center;\"><br \/><\/em><br \/><\/span><\/h3>\n<h3 class=\"bookman\" style=\"text-align: center;\">\u00a0<\/h3>\n<p style=\"text-align: center;\">\u00a0<\/p>\n\n\n<p><\/p>\n","protected":false},"excerpt":{"rendered":"<p>\u00a0\u00a0\u00a0\u00a0\u00a0\u00a0\u00a0\u00a0\u00a0\u00a0\u00a0\u00a0\u00a0\u00a0\u00a0\u00a0\u00a0\u00a0\u00a0\u00a0\u00a0\u00a0\u00a0 QI NEI ZANG Le Qi Nei Zangest une m\u00e9thode qui permet d\u2019\u00e9liminer les toxines,les \u00e9motions n\u00e9gativeset les blocages \u00e9nerg\u00e9tiques des organes internes &gt; Le Qi Nei Zang\u00ab massage \u00e9nerg\u00e9tique des organes internes \u00bb \u00ab Le ventre est une zone essentielle au maintien de la bonne sant\u00e9 g\u00e9n\u00e9raleIl est \u00e9galement consid\u00e9r\u00e9 comme le \u00ab\u00a0deuxi\u00e8me cerveau\u00a0\u00bb,si\u00e8ge [&hellip;]<\/p>\n","protected":false},"author":1,"featured_media":0,"parent":0,"menu_order":0,"comment_status":"closed","ping_status":"closed","template":"","meta":{"footnotes":""},"class_list":["post-1714","page","type-page","status-publish","hentry"],"aioseo_notices":[],"_links":{"self":[{"href":"https:\/\/www.reflexoki.com\/index.php\/wp-json\/wp\/v2\/pages\/1714","targetHints":{"allow":["GET"]}}],"collection":[{"href":"https:\/\/www.reflexoki.com\/index.php\/wp-json\/wp\/v2\/pages"}],"about":[{"href":"https:\/\/www.reflexoki.com\/index.php\/wp-json\/wp\/v2\/types\/page"}],"author":[{"embeddable":true,"href":"https:\/\/www.reflexoki.com\/index.php\/wp-json\/wp\/v2\/users\/1"}],"replies":[{"embeddable":true,"href":"https:\/\/www.reflexoki.com\/index.php\/wp-json\/wp\/v2\/comments?post=1714"}],"version-history":[{"count":56,"href":"https:\/\/www.reflexoki.com\/index.php\/wp-json\/wp\/v2\/pages\/1714\/revisions"}],"predecessor-version":[{"id":2028,"href":"https:\/\/www.reflexoki.com\/index.php\/wp-json\/wp\/v2\/pages\/1714\/revisions\/2028"}],"wp:attachment":[{"href":"https:\/\/www.reflexoki.com\/index.php\/wp-json\/wp\/v2\/media?parent=1714"}],"curies":[{"name":"wp","href":"https:\/\/api.w.org\/{rel}","templated":true}]}}